{"id":52138,"date":"2025-01-05T17:30:11","date_gmt":"2025-01-05T17:30:11","guid":{"rendered":"https:\/\/murter.riot.hr\/?post_type=product&#038;p=52138"},"modified":"2025-01-25T15:47:00","modified_gmt":"2025-01-25T15:47:00","slug":"ferienwohnung-murter-old-town-a21-id-208","status":"publish","type":"product","link":"https:\/\/murter-online.com\/de\/produkt\/ferienwohnung-murter-old-town-a21-id-208\/","title":{"rendered":"Ferienwohnung Murter Old Town A2+1 ID 208"},"content":{"rendered":"","protected":false},"excerpt":{"rendered":"<p>Erschwingliche Wohnung in Murter. Ferienwohnung f\u00fcr max.2 + 1 Personen befindet sich in der Altstadt von Murter. Der n\u00e4chste Strand ist \u010cigra\u0111a. Die Wohnung befindet sich im Erdgeschoss, hat ein Schlafzimmer, in dem zwei Personen schlafen k\u00f6nnen, ein Wohnzimmer und die K\u00fcche. Es gibt ein Sofa, das zum Schlafen verwendet werden kann. Die Terrasse wird geteilt, G\u00e4ste der Wohnung teilen sich diese mit zwei weiteren Doppelzimmern. Parkpl\u00e4tze sind vorhanden und kostenlos.<\/p>\n","protected":false},"featured_media":27886,"template":"","meta":{"_acf_changed":false},"product_brand":[],"product_cat":[144,130],"product_tag":[],"class_list":{"0":"post-52138","1":"product","2":"type-product","3":"status-publish","4":"has-post-thumbnail","6":"product_cat-familien-ferienwohnung","7":"product_cat-ferienwohnungen","9":"first","10":"instock","11":"sold-individually","12":"shipping-taxable","13":"purchasable","14":"product-type-phive_booking"},"acf":[],"_links":{"self":[{"href":"https:\/\/murter-online.com\/de\/wp-json\/wp\/v2\/product\/52138","targetHints":{"allow":["GET"]}}],"collection":[{"href":"https:\/\/murter-online.com\/de\/wp-json\/wp\/v2\/product"}],"about":[{"href":"https:\/\/murter-online.com\/de\/wp-json\/wp\/v2\/types\/product"}],"wp:featuredmedia":[{"embeddable":true,"href":"https:\/\/murter-online.com\/de\/wp-json\/wp\/v2\/media\/27886"}],"wp:attachment":[{"href":"https:\/\/murter-online.com\/de\/wp-json\/wp\/v2\/media?parent=52138"}],"wp:term":[{"taxonomy":"product_brand","embeddable":true,"href":"https:\/\/murter-online.com\/de\/wp-json\/wp\/v2\/product_brand?post=52138"},{"taxonomy":"product_cat","embeddable":true,"href":"https:\/\/murter-online.com\/de\/wp-json\/wp\/v2\/product_cat?post=52138"},{"taxonomy":"product_tag","embeddable":true,"href":"https:\/\/murter-online.com\/de\/wp-json\/wp\/v2\/product_tag?post=52138"}],"curies":[{"name":"wp","href":"https:\/\/api.w.org\/{rel}","templated":true}]}}