{"id":52147,"date":"2025-01-05T17:50:50","date_gmt":"2025-01-05T17:50:50","guid":{"rendered":"https:\/\/murter.riot.hr\/?post_type=product&#038;p=52147"},"modified":"2025-04-14T13:43:08","modified_gmt":"2025-04-14T12:43:08","slug":"ferienwohnung-murter-podvrske-a21-id-299","status":"publish","type":"product","link":"https:\/\/murter-online.com\/de\/produkt\/ferienwohnung-murter-podvrske-a21-id-299\/","title":{"rendered":"Ferienwohnung Murter Strand Podvr\u0161ke A2+1 ID 299"},"content":{"rendered":"","protected":false},"excerpt":{"rendered":"<p>Die Wohnung mit ein Schlafzimmern f\u00fcr insgesamt 2+2 Personen befindet sich in hervorragender Lage. Die Wohnung liegt in der N\u00e4he des Stadtstrandes von Luke (150 Meter, geeignet f\u00fcr Kinder und \u00e4ltere Menschen) und in der N\u00e4he des Sandstrandes von Podvr\u0161ke (max. 5-7 Gehminuten entfernt). Die Wohnung verf\u00fcgt \u00fcber eine voll ausgestattete K\u00fcche. Es gibt einen Gefrierschrank, einen Backofen, einen Wasserkocher und eine Kaffeemaschine. Die Wohnung verf\u00fcgt \u00fcber 4 Grundbetten, im Zimmer gibt es 1 Zustellbett, das zum Schlafen genutzt werden kann. Das Apartment ist mit kostenfreiem WLAN und Klimaanlage ausgestattet. Parkpl\u00e4tze f\u00fcr das Auto befinden sich vor dem Haus im Hof. Die Wohnung verf\u00fcgt \u00fcber eine Terrasse mit Meerblick.<\/p>\n","protected":false},"featured_media":28370,"template":"","meta":{"_acf_changed":false},"product_brand":[],"product_cat":[144,130,142],"product_tag":[],"class_list":{"0":"post-52147","1":"product","2":"type-product","3":"status-publish","4":"has-post-thumbnail","6":"product_cat-familien-ferienwohnung","7":"product_cat-ferienwohnungen","8":"product_cat-ferienwohnungen-mit-meerblick","10":"first","11":"instock","12":"sold-individually","13":"shipping-taxable","14":"purchasable","15":"product-type-phive_booking"},"acf":[],"_links":{"self":[{"href":"https:\/\/murter-online.com\/de\/wp-json\/wp\/v2\/product\/52147","targetHints":{"allow":["GET"]}}],"collection":[{"href":"https:\/\/murter-online.com\/de\/wp-json\/wp\/v2\/product"}],"about":[{"href":"https:\/\/murter-online.com\/de\/wp-json\/wp\/v2\/types\/product"}],"wp:featuredmedia":[{"embeddable":true,"href":"https:\/\/murter-online.com\/de\/wp-json\/wp\/v2\/media\/28370"}],"wp:attachment":[{"href":"https:\/\/murter-online.com\/de\/wp-json\/wp\/v2\/media?parent=52147"}],"wp:term":[{"taxonomy":"product_brand","embeddable":true,"href":"https:\/\/murter-online.com\/de\/wp-json\/wp\/v2\/product_brand?post=52147"},{"taxonomy":"product_cat","embeddable":true,"href":"https:\/\/murter-online.com\/de\/wp-json\/wp\/v2\/product_cat?post=52147"},{"taxonomy":"product_tag","embeddable":true,"href":"https:\/\/murter-online.com\/de\/wp-json\/wp\/v2\/product_tag?post=52147"}],"curies":[{"name":"wp","href":"https:\/\/api.w.org\/{rel}","templated":true}]}}