{"id":52155,"date":"2025-01-05T18:39:39","date_gmt":"2025-01-05T18:39:39","guid":{"rendered":"https:\/\/murter.riot.hr\/?post_type=product&#038;p=52155"},"modified":"2025-04-26T13:33:22","modified_gmt":"2025-04-26T12:33:22","slug":"wohnung-murter-sonniger-platz-a21-id-54","status":"publish","type":"product","link":"https:\/\/murter-online.com\/de\/produkt\/wohnung-murter-sonniger-platz-a21-id-54\/","title":{"rendered":"Ferienwohnung f\u00fcr familien Sonniger Platz Murter A2+1 ID 54"},"content":{"rendered":"","protected":false},"excerpt":{"rendered":"<p>Das Apartment Sunny place A2 + 1 ID 54 befindet sich in der N\u00e4he des Stadtstrandes Luka. Die Wohnung befindet sich in einer ruhigen Gegend und das Zentrum ist nur wenige Gehminuten entfernt. Die Wohnung besteht aus einem Schlafzimmer, WC, Wohnzimmer mit K\u00fcche und einer ger\u00e4umigen Terrasse. Die Wohnung ist mit kostenfreiem WLAN, Klimaanlage, Geschirrsp\u00fcler und Sat-TV ausgestattet. Bettw\u00e4sche, Handt\u00fccher und Endreinigung sind im Preis inbegriffen.<\/p>\n","protected":false},"featured_media":28942,"template":"","meta":{"_acf_changed":false},"product_brand":[],"product_cat":[144,130],"product_tag":[],"class_list":{"0":"post-52155","1":"product","2":"type-product","3":"status-publish","4":"has-post-thumbnail","6":"product_cat-familien-ferienwohnung","7":"product_cat-ferienwohnungen","9":"first","10":"instock","11":"sold-individually","12":"shipping-taxable","13":"purchasable","14":"product-type-phive_booking"},"acf":[],"_links":{"self":[{"href":"https:\/\/murter-online.com\/de\/wp-json\/wp\/v2\/product\/52155","targetHints":{"allow":["GET"]}}],"collection":[{"href":"https:\/\/murter-online.com\/de\/wp-json\/wp\/v2\/product"}],"about":[{"href":"https:\/\/murter-online.com\/de\/wp-json\/wp\/v2\/types\/product"}],"wp:featuredmedia":[{"embeddable":true,"href":"https:\/\/murter-online.com\/de\/wp-json\/wp\/v2\/media\/28942"}],"wp:attachment":[{"href":"https:\/\/murter-online.com\/de\/wp-json\/wp\/v2\/media?parent=52155"}],"wp:term":[{"taxonomy":"product_brand","embeddable":true,"href":"https:\/\/murter-online.com\/de\/wp-json\/wp\/v2\/product_brand?post=52155"},{"taxonomy":"product_cat","embeddable":true,"href":"https:\/\/murter-online.com\/de\/wp-json\/wp\/v2\/product_cat?post=52155"},{"taxonomy":"product_tag","embeddable":true,"href":"https:\/\/murter-online.com\/de\/wp-json\/wp\/v2\/product_tag?post=52155"}],"curies":[{"name":"wp","href":"https:\/\/api.w.org\/{rel}","templated":true}]}}