{"id":52159,"date":"2025-01-05T18:46:49","date_gmt":"2025-01-05T18:46:49","guid":{"rendered":"https:\/\/murter.riot.hr\/?post_type=product&#038;p=52159"},"modified":"2025-04-16T20:00:31","modified_gmt":"2025-04-16T19:00:31","slug":"wohnung-murter-sonniger-platz-a21-id-55","status":"publish","type":"product","link":"https:\/\/murter-online.com\/de\/produkt\/wohnung-murter-sonniger-platz-a21-id-55\/","title":{"rendered":"Ferienwohnung Murter Meerblick Sonniger Platz A2+1 ID 55"},"content":{"rendered":"","protected":false},"excerpt":{"rendered":"<p>Das Apartment Seaside A2 + 1 ID 55 befindet sich in der N\u00e4he des Stadtstrandes Luka. Die Wohnung befindet sich in einer ruhigen Gegend und zum Zentrum sind es nur wenige Gehminuten. Die Wohnung besteht aus einem Schlafzimmer, WC, Wohnzimmer mit K\u00fcche und einer ger\u00e4umigen Terrasse. Die Wohnung ist mit kostenlosem WLAN, Klimaanlage, Geschirrsp\u00fcler und Sat-TV ausgestattet. Bettw\u00e4sche, Handt\u00fccher und Endreinigung sind im Preis inbegriffen.<\/p>\n","protected":false},"featured_media":29006,"template":"","meta":{"_acf_changed":false},"product_brand":[],"product_cat":[144,130,142],"product_tag":[],"class_list":{"0":"post-52159","1":"product","2":"type-product","3":"status-publish","4":"has-post-thumbnail","6":"product_cat-familien-ferienwohnung","7":"product_cat-ferienwohnungen","8":"product_cat-ferienwohnungen-mit-meerblick","10":"first","11":"instock","12":"sold-individually","13":"shipping-taxable","14":"purchasable","15":"product-type-phive_booking"},"acf":[],"_links":{"self":[{"href":"https:\/\/murter-online.com\/de\/wp-json\/wp\/v2\/product\/52159","targetHints":{"allow":["GET"]}}],"collection":[{"href":"https:\/\/murter-online.com\/de\/wp-json\/wp\/v2\/product"}],"about":[{"href":"https:\/\/murter-online.com\/de\/wp-json\/wp\/v2\/types\/product"}],"wp:featuredmedia":[{"embeddable":true,"href":"https:\/\/murter-online.com\/de\/wp-json\/wp\/v2\/media\/29006"}],"wp:attachment":[{"href":"https:\/\/murter-online.com\/de\/wp-json\/wp\/v2\/media?parent=52159"}],"wp:term":[{"taxonomy":"product_brand","embeddable":true,"href":"https:\/\/murter-online.com\/de\/wp-json\/wp\/v2\/product_brand?post=52159"},{"taxonomy":"product_cat","embeddable":true,"href":"https:\/\/murter-online.com\/de\/wp-json\/wp\/v2\/product_cat?post=52159"},{"taxonomy":"product_tag","embeddable":true,"href":"https:\/\/murter-online.com\/de\/wp-json\/wp\/v2\/product_tag?post=52159"}],"curies":[{"name":"wp","href":"https:\/\/api.w.org\/{rel}","templated":true}]}}