{"id":52171,"date":"2025-01-05T21:10:21","date_gmt":"2025-01-05T21:10:21","guid":{"rendered":"https:\/\/murter.riot.hr\/?post_type=product&#038;p=52171"},"modified":"2025-01-25T17:49:21","modified_gmt":"2025-01-25T17:49:21","slug":"ferienwohnung-murter-mit-pool-slanica-a22-id-47","status":"publish","type":"product","link":"https:\/\/murter-online.com\/de\/produkt\/ferienwohnung-murter-mit-pool-slanica-a22-id-47\/","title":{"rendered":"Ferienwohnung Murter mit Pool Slanica A2+2 ID 47"},"content":{"rendered":"","protected":false},"excerpt":{"rendered":"<p>Das Apartment Slanica befindet sich im zweiten Stock. Es verf\u00fcgt \u00fcber ein Schlafzimmer, ein ger\u00e4umiges Wohnzimmer, eine moderne K\u00fcche und ein Badezimmer mit einer Hydromassage-Dampfdusche. Der gro\u00dfe Balkon begeistert mit Blick auf die Umgebung, den Garten, das Meer. Die Wohnung ist mit Klimaanlage, kostenfreiem WLAN und Sat-TV ausgestattet Bettw\u00e4sche, Handt\u00fccher und Endreinigung sind im Preis inbegriffen.<\/p>\n","protected":false},"featured_media":29554,"template":"","meta":{"_acf_changed":false},"product_brand":[],"product_cat":[144,130,142,143],"product_tag":[],"class_list":{"0":"post-52171","1":"product","2":"type-product","3":"status-publish","4":"has-post-thumbnail","6":"product_cat-familien-ferienwohnung","7":"product_cat-ferienwohnungen","8":"product_cat-ferienwohnungen-mit-meerblick","9":"product_cat-ferienwohnungen-mit-pool","11":"first","12":"instock","13":"sold-individually","14":"shipping-taxable","15":"purchasable","16":"product-type-phive_booking"},"acf":[],"_links":{"self":[{"href":"https:\/\/murter-online.com\/de\/wp-json\/wp\/v2\/product\/52171","targetHints":{"allow":["GET"]}}],"collection":[{"href":"https:\/\/murter-online.com\/de\/wp-json\/wp\/v2\/product"}],"about":[{"href":"https:\/\/murter-online.com\/de\/wp-json\/wp\/v2\/types\/product"}],"wp:featuredmedia":[{"embeddable":true,"href":"https:\/\/murter-online.com\/de\/wp-json\/wp\/v2\/media\/29554"}],"wp:attachment":[{"href":"https:\/\/murter-online.com\/de\/wp-json\/wp\/v2\/media?parent=52171"}],"wp:term":[{"taxonomy":"product_brand","embeddable":true,"href":"https:\/\/murter-online.com\/de\/wp-json\/wp\/v2\/product_brand?post=52171"},{"taxonomy":"product_cat","embeddable":true,"href":"https:\/\/murter-online.com\/de\/wp-json\/wp\/v2\/product_cat?post=52171"},{"taxonomy":"product_tag","embeddable":true,"href":"https:\/\/murter-online.com\/de\/wp-json\/wp\/v2\/product_tag?post=52171"}],"curies":[{"name":"wp","href":"https:\/\/api.w.org\/{rel}","templated":true}]}}