{"id":52178,"date":"2025-01-05T21:21:18","date_gmt":"2025-01-05T21:21:18","guid":{"rendered":"https:\/\/murter.riot.hr\/?post_type=product&#038;p=52178"},"modified":"2025-01-25T19:39:57","modified_gmt":"2025-01-25T19:39:57","slug":"wohnung-in-strandnaehe-podvrske-a22-id-277","status":"publish","type":"product","link":"https:\/\/murter-online.com\/de\/produkt\/wohnung-in-strandnaehe-podvrske-a22-id-277\/","title":{"rendered":"Wohnung in Strandn\u00e4he Podvr\u0161ke A2+2 ID 277"},"content":{"rendered":"","protected":false},"excerpt":{"rendered":"<p>Die Wohnung befindet sich in einer gro\u00dfartigen Lage in Murter! In der N\u00e4he dieser Wohnung gibt es zwei ber\u00fchmte Str\u00e4nde, der erste ist der \u00f6rtliche Luke-Strand und der andere ist der Sand- und Kiesstrand Podvr\u0161ke. Die Wohnung ist 30 Quadratmeter gro\u00df + 9 Quadratmeter Terrasse. G\u00e4ste, die im Apartment \u00fcbernachten, k\u00f6nnen eine gemeinsame Terrasse von 72 Quadratmetern mit Liegest\u00fchlen und einem Gasgrill nutzen. Die Wohnung verf\u00fcgt \u00fcber ein Schlafzimmer, in dem zwei Erwachsene schlafen k\u00f6nnen. Im Wohnzimmer gibt es ein zus\u00e4tzliches Bett (Sofa), in dem ein Erwachsener oder zwei kleinere Kinder schlafen k\u00f6nnen. Die Wohnung verf\u00fcgt \u00fcber SAT-TV, WLAN &#8211; Internet, Klimaanlage, Wasserkocher, kleinen K\u00fchlschrank mit kleinem Gefrierfach, Herd. Die Gemeinschaftsterrasse bietet einen sch\u00f6nen Blick auf das Meer und das Murter-Archipel. Parkpl\u00e4tze stehen vor dem Haus zur Verf\u00fcgung und sind im Apartmentpreis inbegriffen.<\/p>\n","protected":false},"featured_media":29586,"template":"","meta":{"_acf_changed":false},"product_brand":[],"product_cat":[144,130],"product_tag":[],"class_list":{"0":"post-52178","1":"product","2":"type-product","3":"status-publish","4":"has-post-thumbnail","6":"product_cat-familien-ferienwohnung","7":"product_cat-ferienwohnungen","9":"first","10":"instock","11":"sold-individually","12":"shipping-taxable","13":"purchasable","14":"product-type-phive_booking"},"acf":[],"_links":{"self":[{"href":"https:\/\/murter-online.com\/de\/wp-json\/wp\/v2\/product\/52178","targetHints":{"allow":["GET"]}}],"collection":[{"href":"https:\/\/murter-online.com\/de\/wp-json\/wp\/v2\/product"}],"about":[{"href":"https:\/\/murter-online.com\/de\/wp-json\/wp\/v2\/types\/product"}],"wp:featuredmedia":[{"embeddable":true,"href":"https:\/\/murter-online.com\/de\/wp-json\/wp\/v2\/media\/29586"}],"wp:attachment":[{"href":"https:\/\/murter-online.com\/de\/wp-json\/wp\/v2\/media?parent=52178"}],"wp:term":[{"taxonomy":"product_brand","embeddable":true,"href":"https:\/\/murter-online.com\/de\/wp-json\/wp\/v2\/product_brand?post=52178"},{"taxonomy":"product_cat","embeddable":true,"href":"https:\/\/murter-online.com\/de\/wp-json\/wp\/v2\/product_cat?post=52178"},{"taxonomy":"product_tag","embeddable":true,"href":"https:\/\/murter-online.com\/de\/wp-json\/wp\/v2\/product_tag?post=52178"}],"curies":[{"name":"wp","href":"https:\/\/api.w.org\/{rel}","templated":true}]}}