{"id":52191,"date":"2025-01-06T07:20:57","date_gmt":"2025-01-06T06:20:57","guid":{"rendered":"https:\/\/murter.riot.hr\/?post_type=product&#038;p=52191"},"modified":"2025-05-01T19:06:54","modified_gmt":"2025-05-01T18:06:54","slug":"haus-patricia-ferienwohnung-patricia-sunshine-a22-id-83","status":"publish","type":"product","link":"https:\/\/murter-online.com\/de\/produkt\/haus-patricia-ferienwohnung-patricia-sunshine-a22-id-83\/","title":{"rendered":"Ferienwohnung f\u00fcr familien Patricia Murter A2+2 ID 83"},"content":{"rendered":"","protected":false},"excerpt":{"rendered":"<p>Die Wohnung befindet sich in einer ausgezeichneten Lage, nur 250 Meter vom Meer entfernt. Die Wohnung hat eine Fl\u00e4che von 40 m2. Es hat ein Schlafzimmer, in dem 2 Erwachsene Angst haben k\u00f6nnen. Es hat ein Wohnzimmer, das zum Schlafen genutzt werden kann &#8211; Es hat ein Zustellbett f\u00fcr eine Person. Es hat ein Badezimmer kennt die Dusche. Die Wohnung befindet sich im Erdgeschoss. Die Wohnung ist mit TV, Klimaanlage, Satellitenempf\u00e4nger, Backofen und kostenlosem WLAN ausgestattet. Das Parken ist vorhanden und im Preis inbegriffen. Die Wohnung ist ca. 250 m vom Zentrum entfernt, 250 m vom Meer oder dem ersten Strand in Murter. Haustiere sind nicht erlaubt.<\/p>\n","protected":false},"featured_media":29870,"template":"","meta":{"_acf_changed":false},"product_brand":[],"product_cat":[144,130],"product_tag":[],"class_list":{"0":"post-52191","1":"product","2":"type-product","3":"status-publish","4":"has-post-thumbnail","6":"product_cat-familien-ferienwohnung","7":"product_cat-ferienwohnungen","9":"first","10":"instock","11":"sold-individually","12":"shipping-taxable","13":"purchasable","14":"product-type-phive_booking"},"acf":[],"_links":{"self":[{"href":"https:\/\/murter-online.com\/de\/wp-json\/wp\/v2\/product\/52191","targetHints":{"allow":["GET"]}}],"collection":[{"href":"https:\/\/murter-online.com\/de\/wp-json\/wp\/v2\/product"}],"about":[{"href":"https:\/\/murter-online.com\/de\/wp-json\/wp\/v2\/types\/product"}],"wp:featuredmedia":[{"embeddable":true,"href":"https:\/\/murter-online.com\/de\/wp-json\/wp\/v2\/media\/29870"}],"wp:attachment":[{"href":"https:\/\/murter-online.com\/de\/wp-json\/wp\/v2\/media?parent=52191"}],"wp:term":[{"taxonomy":"product_brand","embeddable":true,"href":"https:\/\/murter-online.com\/de\/wp-json\/wp\/v2\/product_brand?post=52191"},{"taxonomy":"product_cat","embeddable":true,"href":"https:\/\/murter-online.com\/de\/wp-json\/wp\/v2\/product_cat?post=52191"},{"taxonomy":"product_tag","embeddable":true,"href":"https:\/\/murter-online.com\/de\/wp-json\/wp\/v2\/product_tag?post=52191"}],"curies":[{"name":"wp","href":"https:\/\/api.w.org\/{rel}","templated":true}]}}