{"id":52200,"date":"2025-01-06T07:48:36","date_gmt":"2025-01-06T07:48:36","guid":{"rendered":"https:\/\/murter.riot.hr\/?post_type=product&#038;p=52200"},"modified":"2025-04-17T09:39:17","modified_gmt":"2025-04-17T08:39:17","slug":"apartment-peace-in-der-naehe-des-strandes-slanica-a22-id-310","status":"publish","type":"product","link":"https:\/\/murter-online.com\/de\/produkt\/apartment-peace-in-der-naehe-des-strandes-slanica-a22-id-310\/","title":{"rendered":"Ferienwohnung f\u00fcr familien Strand Slanica Peace Murter A2+2 ID 310"},"content":{"rendered":"","protected":false},"excerpt":{"rendered":"<p>Die Wohnung befindet sich in ruhiger und ruhiger Lage unweit des Sandstrandes Slanica. Die Wohnung verf\u00fcgt \u00fcber ein Schlafzimmer, in dem 2 Erwachsene schlafen k\u00f6nnen. Im Wohnzimmer gibt es ein Zustellbett, in dem zwei kleine Kinder oder ein Erwachsener schlafen k\u00f6nnen. Die Wohnung verf\u00fcgt \u00fcber ein Badezimmer mit Dusche. Die Wohnung verf\u00fcgt \u00fcber eine Terrasse mit Meerblick. Es ist 10 Gehminuten vom Zentrum von Murter und 500 Meter vom ersten Strand entfernt. F\u00fcr Apartmentg\u00e4ste stehen vor dem Haus kostenlose Parkpl\u00e4tze und ein Grill zur Verf\u00fcgung, der kostenfrei genutzt werden kann. Das Apartment verf\u00fcgt \u00fcber eine Klimaanlage, kostenfreies WLAN sowie eine K\u00fcche mit K\u00fchlschrank, Herd und Mikrowelle.<\/p>\n","protected":false},"featured_media":30006,"template":"","meta":{"_acf_changed":false},"product_brand":[],"product_cat":[144,130,142],"product_tag":[],"class_list":{"0":"post-52200","1":"product","2":"type-product","3":"status-publish","4":"has-post-thumbnail","6":"product_cat-familien-ferienwohnung","7":"product_cat-ferienwohnungen","8":"product_cat-ferienwohnungen-mit-meerblick","10":"first","11":"instock","12":"sold-individually","13":"shipping-taxable","14":"purchasable","15":"product-type-phive_booking"},"acf":[],"_links":{"self":[{"href":"https:\/\/murter-online.com\/de\/wp-json\/wp\/v2\/product\/52200","targetHints":{"allow":["GET"]}}],"collection":[{"href":"https:\/\/murter-online.com\/de\/wp-json\/wp\/v2\/product"}],"about":[{"href":"https:\/\/murter-online.com\/de\/wp-json\/wp\/v2\/types\/product"}],"wp:featuredmedia":[{"embeddable":true,"href":"https:\/\/murter-online.com\/de\/wp-json\/wp\/v2\/media\/30006"}],"wp:attachment":[{"href":"https:\/\/murter-online.com\/de\/wp-json\/wp\/v2\/media?parent=52200"}],"wp:term":[{"taxonomy":"product_brand","embeddable":true,"href":"https:\/\/murter-online.com\/de\/wp-json\/wp\/v2\/product_brand?post=52200"},{"taxonomy":"product_cat","embeddable":true,"href":"https:\/\/murter-online.com\/de\/wp-json\/wp\/v2\/product_cat?post=52200"},{"taxonomy":"product_tag","embeddable":true,"href":"https:\/\/murter-online.com\/de\/wp-json\/wp\/v2\/product_tag?post=52200"}],"curies":[{"name":"wp","href":"https:\/\/api.w.org\/{rel}","templated":true}]}}