{"id":52213,"date":"2025-01-05T13:58:35","date_gmt":"2025-01-05T12:58:35","guid":{"rendered":"https:\/\/murter.riot.hr\/?post_type=product&#038;p=52213"},"modified":"2025-01-26T07:46:01","modified_gmt":"2025-01-26T07:46:01","slug":"studio-apartment-mit-bootsanlegeplatz-a2-id-215","status":"publish","type":"product","link":"https:\/\/murter-online.com\/de\/produkt\/studio-apartment-mit-bootsanlegeplatz-a2-id-215\/","title":{"rendered":"Studio-Apartment mit Bootsanlegeplatz A2 ID 215"},"content":{"rendered":"","protected":false},"excerpt":{"rendered":"<p>Apartment mit kostenlosem Bootsanlegeplatz in Murter. Neu renovierte Wohnung f\u00fcr zwei Personen in der N\u00e4he des Strandes Podvr\u0161ke. Der erste Strand ist 150 Meter von der Wohnung entfernt. G\u00e4steparkpl\u00e4tze stehen vor dem Haus zur Verf\u00fcgung und sind im Wohnungspreis inbegriffen. Es gibt einen Au\u00dfengrill, der genutzt werden kann.<\/p>\n","protected":false},"featured_media":26770,"template":"","meta":{"_acf_changed":false},"product_brand":[],"product_cat":[146],"product_tag":[],"class_list":{"0":"post-52213","1":"product","2":"type-product","3":"status-publish","4":"has-post-thumbnail","6":"product_cat-studio-apartment-de","8":"first","9":"instock","10":"sold-individually","11":"shipping-taxable","12":"purchasable","13":"product-type-phive_booking"},"acf":[],"_links":{"self":[{"href":"https:\/\/murter-online.com\/de\/wp-json\/wp\/v2\/product\/52213","targetHints":{"allow":["GET"]}}],"collection":[{"href":"https:\/\/murter-online.com\/de\/wp-json\/wp\/v2\/product"}],"about":[{"href":"https:\/\/murter-online.com\/de\/wp-json\/wp\/v2\/types\/product"}],"wp:featuredmedia":[{"embeddable":true,"href":"https:\/\/murter-online.com\/de\/wp-json\/wp\/v2\/media\/26770"}],"wp:attachment":[{"href":"https:\/\/murter-online.com\/de\/wp-json\/wp\/v2\/media?parent=52213"}],"wp:term":[{"taxonomy":"product_brand","embeddable":true,"href":"https:\/\/murter-online.com\/de\/wp-json\/wp\/v2\/product_brand?post=52213"},{"taxonomy":"product_cat","embeddable":true,"href":"https:\/\/murter-online.com\/de\/wp-json\/wp\/v2\/product_cat?post=52213"},{"taxonomy":"product_tag","embeddable":true,"href":"https:\/\/murter-online.com\/de\/wp-json\/wp\/v2\/product_tag?post=52213"}],"curies":[{"name":"wp","href":"https:\/\/api.w.org\/{rel}","templated":true}]}}