{"id":52217,"date":"2025-01-06T08:48:10","date_gmt":"2025-01-06T08:48:10","guid":{"rendered":"https:\/\/murter.riot.hr\/?post_type=product&#038;p=52217"},"modified":"2025-04-21T09:47:16","modified_gmt":"2025-04-21T08:47:16","slug":"ferienwohnung-podraduc-murter-a2-id-290","status":"publish","type":"product","link":"https:\/\/murter-online.com\/de\/produkt\/ferienwohnung-podraduc-murter-a2-id-290\/","title":{"rendered":"Ein zimmer apartment f\u00fcr 2 personen Podradu\u010d Murter A2 ID 290"},"content":{"rendered":"","protected":false},"excerpt":{"rendered":"<p>Die Wohnung befindet sich in der Podradu\u010d-Stra\u00dfe. Vor dem Haus befindet sich ein Felsstrand, innerhalb des Strandes gibt es einen Bereich mit Strandk\u00f6rben, der kostenlos genutzt werden kann. Von der Wohnung aus kann man das Meer nicht sehen, aber die Wohnung verf\u00fcgt \u00fcber eine kleine Terrasse mit Meerblick. Die Wohnung verf\u00fcgt \u00fcber ein Schlafzimmer, in dem 2 Erwachsene schlafen k\u00f6nnen. Es verf\u00fcgt \u00fcber eine Toilette, ein Badezimmer und eine K\u00fcche. Die K\u00fcche ist komplett ausgestattet. Es gibt einen K\u00fchlschrank, einen Elektroherd, einen Wasserkocher und eine Kaffeemaschine. Die Wohnung verf\u00fcgt \u00fcber Klimaanlage und WLAN. Es gibt einen Au\u00dfengrill, der kostenlos genutzt werden kann. Der Parkplatz befindet sich vor dem Haus und ist im Apartmentpreis inbegriffen.<\/p>\n","protected":false},"featured_media":30190,"template":"","meta":{"_acf_changed":false},"product_brand":[],"product_cat":[130,146],"product_tag":[],"class_list":{"0":"post-52217","1":"product","2":"type-product","3":"status-publish","4":"has-post-thumbnail","6":"product_cat-ferienwohnungen","7":"product_cat-studio-apartment-de","9":"first","10":"instock","11":"sold-individually","12":"shipping-taxable","13":"purchasable","14":"product-type-phive_booking"},"acf":[],"_links":{"self":[{"href":"https:\/\/murter-online.com\/de\/wp-json\/wp\/v2\/product\/52217","targetHints":{"allow":["GET"]}}],"collection":[{"href":"https:\/\/murter-online.com\/de\/wp-json\/wp\/v2\/product"}],"about":[{"href":"https:\/\/murter-online.com\/de\/wp-json\/wp\/v2\/types\/product"}],"wp:featuredmedia":[{"embeddable":true,"href":"https:\/\/murter-online.com\/de\/wp-json\/wp\/v2\/media\/30190"}],"wp:attachment":[{"href":"https:\/\/murter-online.com\/de\/wp-json\/wp\/v2\/media?parent=52217"}],"wp:term":[{"taxonomy":"product_brand","embeddable":true,"href":"https:\/\/murter-online.com\/de\/wp-json\/wp\/v2\/product_brand?post=52217"},{"taxonomy":"product_cat","embeddable":true,"href":"https:\/\/murter-online.com\/de\/wp-json\/wp\/v2\/product_cat?post=52217"},{"taxonomy":"product_tag","embeddable":true,"href":"https:\/\/murter-online.com\/de\/wp-json\/wp\/v2\/product_tag?post=52217"}],"curies":[{"name":"wp","href":"https:\/\/api.w.org\/{rel}","templated":true}]}}