{"id":52224,"date":"2025-01-05T13:52:51","date_gmt":"2025-01-05T12:52:51","guid":{"rendered":"https:\/\/murter.riot.hr\/?post_type=product&#038;p=52224"},"modified":"2025-01-26T07:53:44","modified_gmt":"2025-01-26T07:53:44","slug":"studio-apartment-im-alten-teil-von-murter-a2","status":"publish","type":"product","link":"https:\/\/murter-online.com\/de\/produkt\/studio-apartment-im-alten-teil-von-murter-a2\/","title":{"rendered":"Studio-Apartment im alten Teil von Murter A2"},"content":{"rendered":"","protected":false},"excerpt":{"rendered":"<p>Studio-Apartment f\u00fcr max. 2 Personen befindet sich im alten Teil von Murter. Die Wohnung verf\u00fcgt \u00fcber ein Doppelbett, in dem zwei Erwachsene schlafen k\u00f6nnen. Die Wohnung befindet sich im ersten Stock des Hauses. Die Wohnung verf\u00fcgt \u00fcber eine K\u00fcchenzeile und ein WC mit Bad. Die K\u00fcche verf\u00fcgt \u00fcber einen kleinen K\u00fchlschrank und Geschirr zur Zubereitung von Speisen f\u00fcr 2 Personen. Die Wohnung verf\u00fcgt \u00fcber WiFi-Internet und Klimaanlage. Der Parkplatz befindet sich 150 Meter von der Wohnung entfernt und ist im Preis inbegriffen. Der n\u00e4chstgelegene Strand ist der Strand \u010cigra\u0111a, er ist max. 5-10 Gehminuten von der Wohnung entfernt.<\/p>\n","protected":false},"featured_media":26750,"template":"","meta":{"_acf_changed":false},"product_brand":[],"product_cat":[146],"product_tag":[],"class_list":{"0":"post-52224","1":"product","2":"type-product","3":"status-publish","4":"has-post-thumbnail","6":"product_cat-studio-apartment-de","8":"first","9":"instock","10":"sold-individually","11":"shipping-taxable","12":"purchasable","13":"product-type-phive_booking"},"acf":[],"_links":{"self":[{"href":"https:\/\/murter-online.com\/de\/wp-json\/wp\/v2\/product\/52224","targetHints":{"allow":["GET"]}}],"collection":[{"href":"https:\/\/murter-online.com\/de\/wp-json\/wp\/v2\/product"}],"about":[{"href":"https:\/\/murter-online.com\/de\/wp-json\/wp\/v2\/types\/product"}],"wp:featuredmedia":[{"embeddable":true,"href":"https:\/\/murter-online.com\/de\/wp-json\/wp\/v2\/media\/26750"}],"wp:attachment":[{"href":"https:\/\/murter-online.com\/de\/wp-json\/wp\/v2\/media?parent=52224"}],"wp:term":[{"taxonomy":"product_brand","embeddable":true,"href":"https:\/\/murter-online.com\/de\/wp-json\/wp\/v2\/product_brand?post=52224"},{"taxonomy":"product_cat","embeddable":true,"href":"https:\/\/murter-online.com\/de\/wp-json\/wp\/v2\/product_cat?post=52224"},{"taxonomy":"product_tag","embeddable":true,"href":"https:\/\/murter-online.com\/de\/wp-json\/wp\/v2\/product_tag?post=52224"}],"curies":[{"name":"wp","href":"https:\/\/api.w.org\/{rel}","templated":true}]}}