{"id":52243,"date":"2025-01-06T09:37:21","date_gmt":"2025-01-06T08:37:21","guid":{"rendered":"https:\/\/murter.riot.hr\/?post_type=product&#038;p=52243"},"modified":"2025-04-17T09:56:55","modified_gmt":"2025-04-17T08:56:55","slug":"haus-podraduc-seaside-dream-ferienwohnung-seaside-pearl-a21-id-80","status":"publish","type":"product","link":"https:\/\/murter-online.com\/de\/produkt\/haus-podraduc-seaside-dream-ferienwohnung-seaside-pearl-a21-id-80\/","title":{"rendered":"Ferienwohnung Murter Meerblick Podradu\u010d Seaside Dream A2+1 ID 80"},"content":{"rendered":"","protected":false},"excerpt":{"rendered":"<p>Das Apartment Seaside Pearl A2 + 1 ID 80 befindet sich in der N\u00e4he der Str\u00e4nde Slanica und \u010cigra\u0111a. Es bietet Unterk\u00fcnfte mit kostenfreiem WLAN und kostenfreien Privatparkpl\u00e4tzen. Das Apartment verf\u00fcgt \u00fcber eine Klimaanlage, einen Flachbild-Sat-TV und ein eigenes Bad mit einem Haartrockner. Es gibt auch eine voll ausgestattete K\u00fcche mit einer Mikrowelle, einem K\u00fchlschrank, einem Herd, einem Wasserkocher, einer Kaffeemaschine und einem Essbereich.<\/p>\n","protected":false},"featured_media":30486,"template":"","meta":{"_acf_changed":false},"product_brand":[],"product_cat":[144,130,142],"product_tag":[],"class_list":{"0":"post-52243","1":"product","2":"type-product","3":"status-publish","4":"has-post-thumbnail","6":"product_cat-familien-ferienwohnung","7":"product_cat-ferienwohnungen","8":"product_cat-ferienwohnungen-mit-meerblick","10":"first","11":"instock","12":"sold-individually","13":"shipping-taxable","14":"purchasable","15":"product-type-phive_booking"},"acf":[],"_links":{"self":[{"href":"https:\/\/murter-online.com\/de\/wp-json\/wp\/v2\/product\/52243","targetHints":{"allow":["GET"]}}],"collection":[{"href":"https:\/\/murter-online.com\/de\/wp-json\/wp\/v2\/product"}],"about":[{"href":"https:\/\/murter-online.com\/de\/wp-json\/wp\/v2\/types\/product"}],"wp:featuredmedia":[{"embeddable":true,"href":"https:\/\/murter-online.com\/de\/wp-json\/wp\/v2\/media\/30486"}],"wp:attachment":[{"href":"https:\/\/murter-online.com\/de\/wp-json\/wp\/v2\/media?parent=52243"}],"wp:term":[{"taxonomy":"product_brand","embeddable":true,"href":"https:\/\/murter-online.com\/de\/wp-json\/wp\/v2\/product_brand?post=52243"},{"taxonomy":"product_cat","embeddable":true,"href":"https:\/\/murter-online.com\/de\/wp-json\/wp\/v2\/product_cat?post=52243"},{"taxonomy":"product_tag","embeddable":true,"href":"https:\/\/murter-online.com\/de\/wp-json\/wp\/v2\/product_tag?post=52243"}],"curies":[{"name":"wp","href":"https:\/\/api.w.org\/{rel}","templated":true}]}}