{"id":52254,"date":"2025-01-05T13:37:22","date_gmt":"2025-01-05T12:37:22","guid":{"rendered":"https:\/\/murter.riot.hr\/?post_type=product&#038;p=52254"},"modified":"2025-04-23T10:26:35","modified_gmt":"2025-04-23T09:26:35","slug":"ferienwohnung-sommerurlaub-in-murter-a2-id-223","status":"publish","type":"product","link":"https:\/\/murter-online.com\/de\/produkt\/ferienwohnung-sommerurlaub-in-murter-a2-id-223\/","title":{"rendered":"Ein zimmer apartment f\u00fcr 2 personen Sommerurlaub in Murter A2 ID 223"},"content":{"rendered":"","protected":false},"excerpt":{"rendered":"<p>Wohnung mit Panorama-Meerblick in Murter. Die Wohnung hat ein Schlafzimmer, in dem zwei Personen schlafen k\u00f6nnen. Die K\u00fcche ist komplett ausgestattet. F\u00fcr Apartmentg\u00e4ste stehen kostenlose Parkpl\u00e4tze im Hof \u200b\u200bzur Verf\u00fcgung. Es gibt einen Au\u00dfengrill, der genutzt werden kann. Die Wohnung befindet sich in einer gro\u00dfartigen Lage. Der Stadtstrand Lukas, der Sandstrand Slanica und das Ortszentrum sind zu Fu\u00df erreichbar.<\/p>\n","protected":false},"featured_media":26350,"template":"","meta":{"_acf_changed":false},"product_brand":[],"product_cat":[146],"product_tag":[],"class_list":{"0":"post-52254","1":"product","2":"type-product","3":"status-publish","4":"has-post-thumbnail","6":"product_cat-studio-apartment-de","8":"first","9":"instock","10":"sold-individually","11":"shipping-taxable","12":"purchasable","13":"product-type-phive_booking"},"acf":[],"_links":{"self":[{"href":"https:\/\/murter-online.com\/de\/wp-json\/wp\/v2\/product\/52254","targetHints":{"allow":["GET"]}}],"collection":[{"href":"https:\/\/murter-online.com\/de\/wp-json\/wp\/v2\/product"}],"about":[{"href":"https:\/\/murter-online.com\/de\/wp-json\/wp\/v2\/types\/product"}],"wp:featuredmedia":[{"embeddable":true,"href":"https:\/\/murter-online.com\/de\/wp-json\/wp\/v2\/media\/26350"}],"wp:attachment":[{"href":"https:\/\/murter-online.com\/de\/wp-json\/wp\/v2\/media?parent=52254"}],"wp:term":[{"taxonomy":"product_brand","embeddable":true,"href":"https:\/\/murter-online.com\/de\/wp-json\/wp\/v2\/product_brand?post=52254"},{"taxonomy":"product_cat","embeddable":true,"href":"https:\/\/murter-online.com\/de\/wp-json\/wp\/v2\/product_cat?post=52254"},{"taxonomy":"product_tag","embeddable":true,"href":"https:\/\/murter-online.com\/de\/wp-json\/wp\/v2\/product_tag?post=52254"}],"curies":[{"name":"wp","href":"https:\/\/api.w.org\/{rel}","templated":true}]}}