{"id":52256,"date":"2025-01-05T13:34:15","date_gmt":"2025-01-05T13:34:15","guid":{"rendered":"https:\/\/murter.riot.hr\/?post_type=product&#038;p=52256"},"modified":"2025-04-23T10:16:35","modified_gmt":"2025-04-23T09:16:35","slug":"haus-petra-marine-view-ferienwohnung-silver-a2-id-87","status":"publish","type":"product","link":"https:\/\/murter-online.com\/de\/produkt\/haus-petra-marine-view-ferienwohnung-silver-a2-id-87\/","title":{"rendered":"Ferienwohnung f\u00fcr 2 personen Strand Zdra\u010de Silver Murter A2 ID 87"},"content":{"rendered":"","protected":false},"excerpt":{"rendered":"<p>Die Wohnung befindet sich in der N\u00e4he des Yachthafens Murter &#8211; Hramine. In der N\u00e4he der Wohnung befindet sich das Zentrum von Murter, das nur wenige Gehminuten entfernt ist. Der erste Strand ist nur 180m entfernt (Stadtstrand). In der N\u00e4he der Wohnung gibt es eine Tankstelle, einen Supermarkt, Restaurants und Caf\u00e9s. Die Wohnung verf\u00fcgt \u00fcber einen Balkon und Meerblick. Die Wohnung ist mit Klimaanlage, WLAN und Sat-TV ausgestattet. Bettw\u00e4sche, Handt\u00fccher und Endreinigung sind im Preis inbegriffen.<\/p>\n","protected":false},"featured_media":26250,"template":"","meta":{"_acf_changed":false},"product_brand":[],"product_cat":[146],"product_tag":[],"class_list":{"0":"post-52256","1":"product","2":"type-product","3":"status-publish","4":"has-post-thumbnail","6":"product_cat-studio-apartment-de","8":"first","9":"instock","10":"sold-individually","11":"shipping-taxable","12":"purchasable","13":"product-type-phive_booking"},"acf":[],"_links":{"self":[{"href":"https:\/\/murter-online.com\/de\/wp-json\/wp\/v2\/product\/52256","targetHints":{"allow":["GET"]}}],"collection":[{"href":"https:\/\/murter-online.com\/de\/wp-json\/wp\/v2\/product"}],"about":[{"href":"https:\/\/murter-online.com\/de\/wp-json\/wp\/v2\/types\/product"}],"wp:featuredmedia":[{"embeddable":true,"href":"https:\/\/murter-online.com\/de\/wp-json\/wp\/v2\/media\/26250"}],"wp:attachment":[{"href":"https:\/\/murter-online.com\/de\/wp-json\/wp\/v2\/media?parent=52256"}],"wp:term":[{"taxonomy":"product_brand","embeddable":true,"href":"https:\/\/murter-online.com\/de\/wp-json\/wp\/v2\/product_brand?post=52256"},{"taxonomy":"product_cat","embeddable":true,"href":"https:\/\/murter-online.com\/de\/wp-json\/wp\/v2\/product_cat?post=52256"},{"taxonomy":"product_tag","embeddable":true,"href":"https:\/\/murter-online.com\/de\/wp-json\/wp\/v2\/product_tag?post=52256"}],"curies":[{"name":"wp","href":"https:\/\/api.w.org\/{rel}","templated":true}]}}