{"id":52268,"date":"2025-01-05T13:08:16","date_gmt":"2025-01-05T12:08:16","guid":{"rendered":"https:\/\/murter.riot.hr\/?post_type=product&#038;p=52268"},"modified":"2025-04-21T10:21:32","modified_gmt":"2025-04-21T09:21:32","slug":"ferienwohnung-podraduc-murter-a21-id-295","status":"publish","type":"product","link":"https:\/\/murter-online.com\/de\/produkt\/ferienwohnung-podraduc-murter-a21-id-295\/","title":{"rendered":"Ferienwohnung Murter direkt am Meer Podradu\u010d A2+1 ID 295"},"content":{"rendered":"","protected":false},"excerpt":{"rendered":"<p>Das Apartment mit wundersch\u00f6nem Meerblick befindet sich in ausgezeichneter Lage, nur 20 m entfernt. weit weg vom Meer. Die Wohnung ist mit TV, Klimaanlage, Satellitenempf\u00e4nger und KOSTENLOSER WLAN-Internetverbindung ausgestattet. Die Wohnung verf\u00fcgt \u00fcber ein Badezimmer mit Dusche. Da ist ein Wohnzimmer. Die Wohnfl\u00e4che betr\u00e4gt 30 m2. und der Balkon\/Terrasse ist 10 m2 gro\u00df. In der Wohnung k\u00f6nnen 2 Personen auf den Hauptbetten und 1 Person auf einem Schlafsofa im Wohnzimmer schlafen. Die Wohnung befindet sich im zweiten Stock. Haustiere &#8211; auf Anfrage. Zur Wohnung geh\u00f6rt ein eigener kostenfreier Parkplatz. Es gibt einen offenen Grill. Die Wohnung ist 1000m\u00b2 gro\u00df. weit vom Zentrum entfernt und ca. 20m. weit weg vom Meer oder dem ersten Strand in Murter.<\/p>\n","protected":false},"featured_media":26066,"template":"","meta":{"_acf_changed":false},"product_brand":[],"product_cat":[146],"product_tag":[],"class_list":{"0":"post-52268","1":"product","2":"type-product","3":"status-publish","4":"has-post-thumbnail","6":"product_cat-studio-apartment-de","8":"first","9":"instock","10":"sold-individually","11":"shipping-taxable","12":"purchasable","13":"product-type-phive_booking"},"acf":[],"_links":{"self":[{"href":"https:\/\/murter-online.com\/de\/wp-json\/wp\/v2\/product\/52268","targetHints":{"allow":["GET"]}}],"collection":[{"href":"https:\/\/murter-online.com\/de\/wp-json\/wp\/v2\/product"}],"about":[{"href":"https:\/\/murter-online.com\/de\/wp-json\/wp\/v2\/types\/product"}],"wp:featuredmedia":[{"embeddable":true,"href":"https:\/\/murter-online.com\/de\/wp-json\/wp\/v2\/media\/26066"}],"wp:attachment":[{"href":"https:\/\/murter-online.com\/de\/wp-json\/wp\/v2\/media?parent=52268"}],"wp:term":[{"taxonomy":"product_brand","embeddable":true,"href":"https:\/\/murter-online.com\/de\/wp-json\/wp\/v2\/product_brand?post=52268"},{"taxonomy":"product_cat","embeddable":true,"href":"https:\/\/murter-online.com\/de\/wp-json\/wp\/v2\/product_cat?post=52268"},{"taxonomy":"product_tag","embeddable":true,"href":"https:\/\/murter-online.com\/de\/wp-json\/wp\/v2\/product_tag?post=52268"}],"curies":[{"name":"wp","href":"https:\/\/api.w.org\/{rel}","templated":true}]}}