{"id":52270,"date":"2025-01-05T13:06:22","date_gmt":"2025-01-05T13:06:22","guid":{"rendered":"https:\/\/murter.riot.hr\/?post_type=product&#038;p=52270"},"modified":"2025-04-21T10:15:39","modified_gmt":"2025-04-21T09:15:39","slug":"ferienwohnung-podraduc-murter-a21-id-294","status":"publish","type":"product","link":"https:\/\/murter-online.com\/de\/produkt\/ferienwohnung-podraduc-murter-a21-id-294\/","title":{"rendered":"Ferienwohnung Murter direkt am Meer Podradu\u010d Murter A2+1 ID 294"},"content":{"rendered":"","protected":false},"excerpt":{"rendered":"<p>Die Wohnung mit herrlichem Meerblick befindet sich in ausgezeichneter Lage, nur 50 Meter vom Meer entfernt. Die Wohnung hat eine Fl\u00e4che von 30 m2. Es gibt ein Doppelbett, in dem 2 Erwachsene schlafen k\u00f6nnen. Es hat ein Wohnzimmer, das zum Schlafen genutzt werden kann &#8211; Es hat ein Zustellbett f\u00fcr eine Person. Es hat ein Badezimmer mit Dusche. Balkon \/ Terrasse ist 5 m2. Die Wohnung befindet sich im Erdgeschoss. Die Wohnung ist mit TV, Klimaanlage, Backofen und kostenfreiem WLAN ausgestattet. Das Parken ist vorhanden und im Preis inbegriffen. Es gibt einen Au\u00dfengrill, der benutzt werden kann. Die Wohnung ist ca. 1500 m vom Zentrum und 50 m vom Meer oder dem ersten Strand in Murter entfernt. Haustiere auf Anfrage.<\/p>\n","protected":false},"featured_media":26030,"template":"","meta":{"_acf_changed":false},"product_brand":[],"product_cat":[146],"product_tag":[],"class_list":{"0":"post-52270","1":"product","2":"type-product","3":"status-publish","4":"has-post-thumbnail","6":"product_cat-studio-apartment-de","8":"first","9":"instock","10":"sold-individually","11":"shipping-taxable","12":"purchasable","13":"product-type-phive_booking"},"acf":[],"_links":{"self":[{"href":"https:\/\/murter-online.com\/de\/wp-json\/wp\/v2\/product\/52270","targetHints":{"allow":["GET"]}}],"collection":[{"href":"https:\/\/murter-online.com\/de\/wp-json\/wp\/v2\/product"}],"about":[{"href":"https:\/\/murter-online.com\/de\/wp-json\/wp\/v2\/types\/product"}],"wp:featuredmedia":[{"embeddable":true,"href":"https:\/\/murter-online.com\/de\/wp-json\/wp\/v2\/media\/26030"}],"wp:attachment":[{"href":"https:\/\/murter-online.com\/de\/wp-json\/wp\/v2\/media?parent=52270"}],"wp:term":[{"taxonomy":"product_brand","embeddable":true,"href":"https:\/\/murter-online.com\/de\/wp-json\/wp\/v2\/product_brand?post=52270"},{"taxonomy":"product_cat","embeddable":true,"href":"https:\/\/murter-online.com\/de\/wp-json\/wp\/v2\/product_cat?post=52270"},{"taxonomy":"product_tag","embeddable":true,"href":"https:\/\/murter-online.com\/de\/wp-json\/wp\/v2\/product_tag?post=52270"}],"curies":[{"name":"wp","href":"https:\/\/api.w.org\/{rel}","templated":true}]}}