{"id":52276,"date":"2025-01-06T11:24:58","date_gmt":"2025-01-06T11:24:58","guid":{"rendered":"https:\/\/murter.riot.hr\/?post_type=product&#038;p=52276"},"modified":"2025-04-17T11:06:48","modified_gmt":"2025-04-17T10:06:48","slug":"ferienwohnung-podvrske-murter-jersani-meerblick-a22-id-229","status":"publish","type":"product","link":"https:\/\/murter-online.com\/de\/produkt\/ferienwohnung-podvrske-murter-jersani-meerblick-a22-id-229\/","title":{"rendered":"Ferienwohnung mit bootsliegeplatz Murter Podvr\u0161ke Jersani Seaview A2+2 ID 229"},"content":{"rendered":"","protected":false},"excerpt":{"rendered":"<p>Die Wohnung hat eine Fl\u00e4che von 40 m2. Es hat ein Schlafzimmer, in dem 2 Erwachsene schlafen k\u00f6nnen. Es verf\u00fcgt \u00fcber ein Wohnzimmer mit einem Schlafsofa, auf dem Sie schlafen k\u00f6nnen. Es hat ein Badezimmer mit Dusche. Der Balkon- \/ Terrassenbereich betr\u00e4gt 10 m2. Die Wohnung befindet sich im zweiten Stock des Hauses. Die Wohnung ist mit TV, Klimaanlage und kostenfreiem WLAN ausgestattet. Das Parken ist vorhanden und im Preis inbegriffen. Die Wohnung verf\u00fcgt \u00fcber einen Bootsanlegeplatz &#8211; der extra berechnet werden kann. Es gibt einen Au\u00dfengrill, der benutzt werden kann. Die Wohnung ist ca. 700 m vom Zentrum und 100 m vom Meer oder dem ersten Strand in Murter entfernt. Haustiere sind gegen Aufpreis erlaubt.<\/p>\n","protected":false},"featured_media":30606,"template":"","meta":{"_acf_changed":false},"product_brand":[],"product_cat":[144,130,142],"product_tag":[],"class_list":{"0":"post-52276","1":"product","2":"type-product","3":"status-publish","4":"has-post-thumbnail","6":"product_cat-familien-ferienwohnung","7":"product_cat-ferienwohnungen","8":"product_cat-ferienwohnungen-mit-meerblick","10":"first","11":"instock","12":"sold-individually","13":"shipping-taxable","14":"purchasable","15":"product-type-phive_booking"},"acf":[],"_links":{"self":[{"href":"https:\/\/murter-online.com\/de\/wp-json\/wp\/v2\/product\/52276","targetHints":{"allow":["GET"]}}],"collection":[{"href":"https:\/\/murter-online.com\/de\/wp-json\/wp\/v2\/product"}],"about":[{"href":"https:\/\/murter-online.com\/de\/wp-json\/wp\/v2\/types\/product"}],"wp:featuredmedia":[{"embeddable":true,"href":"https:\/\/murter-online.com\/de\/wp-json\/wp\/v2\/media\/30606"}],"wp:attachment":[{"href":"https:\/\/murter-online.com\/de\/wp-json\/wp\/v2\/media?parent=52276"}],"wp:term":[{"taxonomy":"product_brand","embeddable":true,"href":"https:\/\/murter-online.com\/de\/wp-json\/wp\/v2\/product_brand?post=52276"},{"taxonomy":"product_cat","embeddable":true,"href":"https:\/\/murter-online.com\/de\/wp-json\/wp\/v2\/product_cat?post=52276"},{"taxonomy":"product_tag","embeddable":true,"href":"https:\/\/murter-online.com\/de\/wp-json\/wp\/v2\/product_tag?post=52276"}],"curies":[{"name":"wp","href":"https:\/\/api.w.org\/{rel}","templated":true}]}}