{"id":52278,"date":"2025-01-05T13:03:28","date_gmt":"2025-01-05T12:03:28","guid":{"rendered":"https:\/\/murter.riot.hr\/?post_type=product&#038;p=52278"},"modified":"2025-04-21T10:10:18","modified_gmt":"2025-04-21T09:10:18","slug":"ferienwohnungen-podraduc-murter-a21-id-27","status":"publish","type":"product","link":"https:\/\/murter-online.com\/de\/produkt\/ferienwohnungen-podraduc-murter-a21-id-27\/","title":{"rendered":"Ferienwohnung Murter direkt am Meer &#8211; Podradu\u010d A2+1 ID 27"},"content":{"rendered":"","protected":false},"excerpt":{"rendered":"<p>Ferienwohnung Podraduc 2+1 mit ein sch\u00f6nen Meerblick befindet sich in ausgezeichnete Lage, nur 20m. vom Meer entfernt. Die Ferienwohnung hat eine Fl\u00e4che von 30 m2. Diese Ferienwohnung ist ein studio Wohnung wo 2 Erwachsene schlafen k\u00f6nnen. Es gibt ein Zustellbett f\u00fcr eine Person. Es gibt einen kostenlosen Parkplatz. Es gibt eine Badezimmer mit Dusche . Die Ferienwohnung Zur Verf\u00fcgung steht auch ein Grillplatz. ist ausgestattet mit Fernseher, Klimaanlage, Satellitenanschluss, kostenlosen WiFi Internetanschluss. Balkon\/Terrasse ist 10 m2 gro\u00df. , hat ein Wohnzimmer. Liegt im zweiten Stock. Haustiere &#8211; nicht gestattet. Die FeWo ist 1000m. weit vom Zentrum und ca. 20m. weit vom Meer oder dem ersten Strand in Murter,<\/p>\n","protected":false},"featured_media":25938,"template":"","meta":{"_acf_changed":false},"product_brand":[],"product_cat":[146],"product_tag":[],"class_list":{"0":"post-52278","1":"product","2":"type-product","3":"status-publish","4":"has-post-thumbnail","6":"product_cat-studio-apartment-de","8":"first","9":"instock","10":"sold-individually","11":"shipping-taxable","12":"purchasable","13":"product-type-phive_booking"},"acf":[],"_links":{"self":[{"href":"https:\/\/murter-online.com\/de\/wp-json\/wp\/v2\/product\/52278","targetHints":{"allow":["GET"]}}],"collection":[{"href":"https:\/\/murter-online.com\/de\/wp-json\/wp\/v2\/product"}],"about":[{"href":"https:\/\/murter-online.com\/de\/wp-json\/wp\/v2\/types\/product"}],"wp:featuredmedia":[{"embeddable":true,"href":"https:\/\/murter-online.com\/de\/wp-json\/wp\/v2\/media\/25938"}],"wp:attachment":[{"href":"https:\/\/murter-online.com\/de\/wp-json\/wp\/v2\/media?parent=52278"}],"wp:term":[{"taxonomy":"product_brand","embeddable":true,"href":"https:\/\/murter-online.com\/de\/wp-json\/wp\/v2\/product_brand?post=52278"},{"taxonomy":"product_cat","embeddable":true,"href":"https:\/\/murter-online.com\/de\/wp-json\/wp\/v2\/product_cat?post=52278"},{"taxonomy":"product_tag","embeddable":true,"href":"https:\/\/murter-online.com\/de\/wp-json\/wp\/v2\/product_tag?post=52278"}],"curies":[{"name":"wp","href":"https:\/\/api.w.org\/{rel}","templated":true}]}}