{"id":52283,"date":"2025-01-05T13:00:02","date_gmt":"2025-01-05T12:00:02","guid":{"rendered":"https:\/\/murter.riot.hr\/?post_type=product&#038;p=52283"},"modified":"2025-04-21T09:37:34","modified_gmt":"2025-04-21T08:37:34","slug":"wohnung-podraduc-murter-a2-id-283","status":"publish","type":"product","link":"https:\/\/murter-online.com\/de\/produkt\/wohnung-podraduc-murter-a2-id-283\/","title":{"rendered":"Ein zimmer apartment f\u00fcr 2 personen Podradu\u010d Murter A2 ID 283"},"content":{"rendered":"","protected":false},"excerpt":{"rendered":"<p>Das Studio-Apartment in der Podradu\u010d-Stra\u00dfe ist 70 Meter vom Meer entfernt. Die Wohnung befindet sich im Erdgeschoss. Die Wohnung verf\u00fcgt \u00fcber ein Zimmer, in dem 2 Erwachsene schlafen k\u00f6nnen. Die Wohnung verf\u00fcgt \u00fcber Klimaanlage, Kaffeemaschine, Gefrierschrank, WLAN. Die Wohnung hat keinen direkten Ausgang zur Terrasse, verf\u00fcgt aber \u00fcber eine Terrasse mit Meerblick, die genutzt werden kann. Vor der Wohnung befindet sich ein Grill, der kostenlos genutzt werden kann. Der Parkplatz f\u00fcr das Auto befindet sich vor der Wohnung und ist im Wohnungspreis inbegriffen. Vor der Wohnung, im Schatten vor dem Strand, befindet sich ein Bereich mit Liegest\u00fchlen, der kostenlos genutzt werden kann.<\/p>\n","protected":false},"featured_media":25806,"template":"","meta":{"_acf_changed":false},"product_brand":[],"product_cat":[146],"product_tag":[],"class_list":{"0":"post-52283","1":"product","2":"type-product","3":"status-publish","4":"has-post-thumbnail","6":"product_cat-studio-apartment-de","8":"first","9":"instock","10":"sold-individually","11":"shipping-taxable","12":"purchasable","13":"product-type-phive_booking"},"acf":[],"_links":{"self":[{"href":"https:\/\/murter-online.com\/de\/wp-json\/wp\/v2\/product\/52283","targetHints":{"allow":["GET"]}}],"collection":[{"href":"https:\/\/murter-online.com\/de\/wp-json\/wp\/v2\/product"}],"about":[{"href":"https:\/\/murter-online.com\/de\/wp-json\/wp\/v2\/types\/product"}],"wp:featuredmedia":[{"embeddable":true,"href":"https:\/\/murter-online.com\/de\/wp-json\/wp\/v2\/media\/25806"}],"wp:attachment":[{"href":"https:\/\/murter-online.com\/de\/wp-json\/wp\/v2\/media?parent=52283"}],"wp:term":[{"taxonomy":"product_brand","embeddable":true,"href":"https:\/\/murter-online.com\/de\/wp-json\/wp\/v2\/product_brand?post=52283"},{"taxonomy":"product_cat","embeddable":true,"href":"https:\/\/murter-online.com\/de\/wp-json\/wp\/v2\/product_cat?post=52283"},{"taxonomy":"product_tag","embeddable":true,"href":"https:\/\/murter-online.com\/de\/wp-json\/wp\/v2\/product_tag?post=52283"}],"curies":[{"name":"wp","href":"https:\/\/api.w.org\/{rel}","templated":true}]}}