{"id":52298,"date":"2025-01-05T12:52:58","date_gmt":"2025-01-05T11:52:58","guid":{"rendered":"https:\/\/murter.riot.hr\/?post_type=product&#038;p=52298"},"modified":"2025-01-26T08:45:59","modified_gmt":"2025-01-26T08:45:59","slug":"apartment-am-strand-mit-bootsliegeplatz-id-304","status":"publish","type":"product","link":"https:\/\/murter-online.com\/de\/produkt\/apartment-am-strand-mit-bootsliegeplatz-id-304\/","title":{"rendered":"Apartment am Strand mit Bootsliegeplatz ID 304"},"content":{"rendered":"","protected":false},"excerpt":{"rendered":"<p>Studio-Apartment f\u00fcr zwei Personen in der N\u00e4he des \u00f6rtlichen Strandes von Luke. Neu renovierte Wohnung mit Meerblick. Die Wohnung verf\u00fcgt \u00fcber ein Doppelbett, in dem zwei Personen schlafen k\u00f6nnen. Die Wohnung verf\u00fcgt \u00fcber Klimaanlage, WLAN, Mikrowelle, K\u00fchlschrank, Elektroherd. Die K\u00fcche ist komplett ausgestattet. Vor der Wohnung befindet sich eine Terrasse mit Gartenm\u00f6beln und Meerblick. Der Parkplatz f\u00fcr das Auto befindet sich vor der Wohnung und ist im Wohnungspreis inbegriffen. Das Anlegen des Bootes ist gegen Aufpreis m\u00f6glich.<\/p>\n","protected":false},"featured_media":25734,"template":"","meta":{"_acf_changed":false},"product_brand":[],"product_cat":[146],"product_tag":[],"class_list":{"0":"post-52298","1":"product","2":"type-product","3":"status-publish","4":"has-post-thumbnail","6":"product_cat-studio-apartment-de","8":"first","9":"instock","10":"sold-individually","11":"shipping-taxable","12":"purchasable","13":"product-type-phive_booking"},"acf":[],"_links":{"self":[{"href":"https:\/\/murter-online.com\/de\/wp-json\/wp\/v2\/product\/52298","targetHints":{"allow":["GET"]}}],"collection":[{"href":"https:\/\/murter-online.com\/de\/wp-json\/wp\/v2\/product"}],"about":[{"href":"https:\/\/murter-online.com\/de\/wp-json\/wp\/v2\/types\/product"}],"wp:featuredmedia":[{"embeddable":true,"href":"https:\/\/murter-online.com\/de\/wp-json\/wp\/v2\/media\/25734"}],"wp:attachment":[{"href":"https:\/\/murter-online.com\/de\/wp-json\/wp\/v2\/media?parent=52298"}],"wp:term":[{"taxonomy":"product_brand","embeddable":true,"href":"https:\/\/murter-online.com\/de\/wp-json\/wp\/v2\/product_brand?post=52298"},{"taxonomy":"product_cat","embeddable":true,"href":"https:\/\/murter-online.com\/de\/wp-json\/wp\/v2\/product_cat?post=52298"},{"taxonomy":"product_tag","embeddable":true,"href":"https:\/\/murter-online.com\/de\/wp-json\/wp\/v2\/product_tag?post=52298"}],"curies":[{"name":"wp","href":"https:\/\/api.w.org\/{rel}","templated":true}]}}