{"id":52302,"date":"2025-01-06T11:38:39","date_gmt":"2025-01-06T11:38:39","guid":{"rendered":"https:\/\/murter.riot.hr\/?post_type=product&#038;p=52302"},"modified":"2025-05-01T19:49:10","modified_gmt":"2025-05-01T18:49:10","slug":"haus-slanica-sea-lagoon-ferienwohnung-sea-lagoon-a22-id-91","status":"publish","type":"product","link":"https:\/\/murter-online.com\/de\/produkt\/haus-slanica-sea-lagoon-ferienwohnung-sea-lagoon-a22-id-91\/","title":{"rendered":"Ferienwohnung f\u00fcr familien Sea Lagoon Murter A2+2 ID 91"},"content":{"rendered":"","protected":false},"excerpt":{"rendered":"<p>Die Wohnung befindet sich in einer ausgezeichneten Lage, nur 250 Meter vom Meer entfernt. Die Wohnung hat eine Fl\u00e4che von 60 m2. Es hat ein Schlafzimmer f\u00fcr 2 Erwachsene. Es hat ein Wohnzimmer, das zum Schlafen genutzt werden kann &#8211; Es hat ein Zustellbett f\u00fcr zwei Personen. Es hat ein Badezimmer mit Dusche. Balkon \/ Terrasse ist 10 m2. Die Wohnung befindet sich im Erdgeschoss. Die Wohnung ist mit TV, Klimaanlage, Backofen und kostenfreiem WLAN ausgestattet. Das Parken ist vorhanden und im Preis inbegriffen. Die Wohnung ist ca. 750 m vom Zentrum und 250 m vom Meer oder dem ersten Strand in Murter entfernt. Haustiere sind nicht erlaubt<\/p>\n","protected":false},"featured_media":30722,"template":"","meta":{"_acf_changed":false},"product_brand":[],"product_cat":[144,130],"product_tag":[],"class_list":{"0":"post-52302","1":"product","2":"type-product","3":"status-publish","4":"has-post-thumbnail","6":"product_cat-familien-ferienwohnung","7":"product_cat-ferienwohnungen","9":"first","10":"instock","11":"sold-individually","12":"shipping-taxable","13":"purchasable","14":"product-type-phive_booking"},"acf":[],"_links":{"self":[{"href":"https:\/\/murter-online.com\/de\/wp-json\/wp\/v2\/product\/52302","targetHints":{"allow":["GET"]}}],"collection":[{"href":"https:\/\/murter-online.com\/de\/wp-json\/wp\/v2\/product"}],"about":[{"href":"https:\/\/murter-online.com\/de\/wp-json\/wp\/v2\/types\/product"}],"wp:featuredmedia":[{"embeddable":true,"href":"https:\/\/murter-online.com\/de\/wp-json\/wp\/v2\/media\/30722"}],"wp:attachment":[{"href":"https:\/\/murter-online.com\/de\/wp-json\/wp\/v2\/media?parent=52302"}],"wp:term":[{"taxonomy":"product_brand","embeddable":true,"href":"https:\/\/murter-online.com\/de\/wp-json\/wp\/v2\/product_brand?post=52302"},{"taxonomy":"product_cat","embeddable":true,"href":"https:\/\/murter-online.com\/de\/wp-json\/wp\/v2\/product_cat?post=52302"},{"taxonomy":"product_tag","embeddable":true,"href":"https:\/\/murter-online.com\/de\/wp-json\/wp\/v2\/product_tag?post=52302"}],"curies":[{"name":"wp","href":"https:\/\/api.w.org\/{rel}","templated":true}]}}