{"id":52306,"date":"2025-01-06T11:44:34","date_gmt":"2025-01-06T11:44:34","guid":{"rendered":"https:\/\/murter.riot.hr\/?post_type=product&#038;p=52306"},"modified":"2025-05-01T19:54:45","modified_gmt":"2025-05-01T18:54:45","slug":"ferienwohnung-slanica-a22-id-92","status":"publish","type":"product","link":"https:\/\/murter-online.com\/de\/produkt\/ferienwohnung-slanica-a22-id-92\/","title":{"rendered":"Ferienwohnung f\u00fcr familien Slanica Murter A2+2 ID 92"},"content":{"rendered":"","protected":false},"excerpt":{"rendered":"<p>Ferienwohnung Put Slanice A2+2 befindet sich in ausgezeichnete Lage, nur 300m. vom Meer entfernt. Die Ferienwohnung hat eine Fl\u00e4che von 45 m2. Diese Ferienwohnung verf\u00fcgt \u00fcber ein Schlafzimmer wo 2 Erwachsene schlafen k\u00f6nnen. Es gibt ein Zustellbett f\u00fcr zwei Personen. Es gibt einen kostenlosen Parkplatz. Es gibt eine Badezimmer mit Dusche . Die Ferienwohnung ist ausgestattet mit Fernseher, Klimaanlage, Backofen, kostenlosen WiFi Internetanschluss. Balkon\/Terrasse ist 8 m2 gro\u00df. , hat ein Wohnzimmer, die zum Schlafen genutzt werden kann. Befindet sich im Erdgeschoss. Haustiere &#8211; nicht gestattet. Die FeWo ist 800m. weit vom Zentrum und ca. 300m. weit vom Meer oder dem ersten Strand in Murter<\/p>\n","protected":false},"featured_media":30794,"template":"","meta":{"_acf_changed":false},"product_brand":[],"product_cat":[144,130],"product_tag":[],"class_list":{"0":"post-52306","1":"product","2":"type-product","3":"status-publish","4":"has-post-thumbnail","6":"product_cat-familien-ferienwohnung","7":"product_cat-ferienwohnungen","9":"first","10":"instock","11":"sold-individually","12":"shipping-taxable","13":"purchasable","14":"product-type-phive_booking"},"acf":[],"_links":{"self":[{"href":"https:\/\/murter-online.com\/de\/wp-json\/wp\/v2\/product\/52306","targetHints":{"allow":["GET"]}}],"collection":[{"href":"https:\/\/murter-online.com\/de\/wp-json\/wp\/v2\/product"}],"about":[{"href":"https:\/\/murter-online.com\/de\/wp-json\/wp\/v2\/types\/product"}],"wp:featuredmedia":[{"embeddable":true,"href":"https:\/\/murter-online.com\/de\/wp-json\/wp\/v2\/media\/30794"}],"wp:attachment":[{"href":"https:\/\/murter-online.com\/de\/wp-json\/wp\/v2\/media?parent=52306"}],"wp:term":[{"taxonomy":"product_brand","embeddable":true,"href":"https:\/\/murter-online.com\/de\/wp-json\/wp\/v2\/product_brand?post=52306"},{"taxonomy":"product_cat","embeddable":true,"href":"https:\/\/murter-online.com\/de\/wp-json\/wp\/v2\/product_cat?post=52306"},{"taxonomy":"product_tag","embeddable":true,"href":"https:\/\/murter-online.com\/de\/wp-json\/wp\/v2\/product_tag?post=52306"}],"curies":[{"name":"wp","href":"https:\/\/api.w.org\/{rel}","templated":true}]}}