{"id":52313,"date":"2025-01-06T11:59:49","date_gmt":"2025-01-06T11:59:49","guid":{"rendered":"https:\/\/murter.riot.hr\/?post_type=product&#038;p=52313"},"modified":"2025-01-26T09:17:32","modified_gmt":"2025-01-26T09:17:32","slug":"wohnung-slanica-a22-id-276","status":"publish","type":"product","link":"https:\/\/murter-online.com\/de\/produkt\/wohnung-slanica-a22-id-276\/","title":{"rendered":"Wohnung Slanica A2+2 ID 276"},"content":{"rendered":"","protected":false},"excerpt":{"rendered":"<p>Apartment am Anfang der Fu\u00dfg\u00e4ngerzone zum Sandstrand von Slanica! Die Wohnung verf\u00fcgt \u00fcber ein Schlafzimmer, in dem 2 Erwachsene schlafen k\u00f6nnen. Im Wohnzimmer der Wohnung gibt es ein zus\u00e4tzliches Bett (Couch), das zum Schlafen genutzt werden kann. Die Wohnung verf\u00fcgt \u00fcber keine Klimaanlage. Die Wohnung befindet sich im ersten Stock des Hauses, der Eingang ist \u00fcber eine Innentreppe erreichbar. Die K\u00fcche ist komplett ausgestattet. Die Wohnung verf\u00fcgt \u00fcber WLAN-Internetverbindung und einen kostenlosen Parkplatz f\u00fcr ein Auto im Hof \u200b\u200bvor dem Haus. Zum Sandstrand von Slanica sind es 3 bis 5 Minuten zu Fu\u00df.<\/p>\n","protected":false},"featured_media":30874,"template":"","meta":{"_acf_changed":false},"product_brand":[],"product_cat":[144,130],"product_tag":[],"class_list":{"0":"post-52313","1":"product","2":"type-product","3":"status-publish","4":"has-post-thumbnail","6":"product_cat-familien-ferienwohnung","7":"product_cat-ferienwohnungen","9":"first","10":"instock","11":"sold-individually","12":"shipping-taxable","13":"purchasable","14":"product-type-phive_booking"},"acf":[],"_links":{"self":[{"href":"https:\/\/murter-online.com\/de\/wp-json\/wp\/v2\/product\/52313","targetHints":{"allow":["GET"]}}],"collection":[{"href":"https:\/\/murter-online.com\/de\/wp-json\/wp\/v2\/product"}],"about":[{"href":"https:\/\/murter-online.com\/de\/wp-json\/wp\/v2\/types\/product"}],"wp:featuredmedia":[{"embeddable":true,"href":"https:\/\/murter-online.com\/de\/wp-json\/wp\/v2\/media\/30874"}],"wp:attachment":[{"href":"https:\/\/murter-online.com\/de\/wp-json\/wp\/v2\/media?parent=52313"}],"wp:term":[{"taxonomy":"product_brand","embeddable":true,"href":"https:\/\/murter-online.com\/de\/wp-json\/wp\/v2\/product_brand?post=52313"},{"taxonomy":"product_cat","embeddable":true,"href":"https:\/\/murter-online.com\/de\/wp-json\/wp\/v2\/product_cat?post=52313"},{"taxonomy":"product_tag","embeddable":true,"href":"https:\/\/murter-online.com\/de\/wp-json\/wp\/v2\/product_tag?post=52313"}],"curies":[{"name":"wp","href":"https:\/\/api.w.org\/{rel}","templated":true}]}}