{"id":52327,"date":"2025-01-05T12:39:03","date_gmt":"2025-01-05T12:39:03","guid":{"rendered":"https:\/\/murter.riot.hr\/?post_type=product&#038;p=52327"},"modified":"2025-01-26T09:52:24","modified_gmt":"2025-01-26T09:52:24","slug":"wohnung-in-der-naehe-des-strandes-von-slanica-a21-studio-a3-id-254-2","status":"publish","type":"product","link":"https:\/\/murter-online.com\/de\/produkt\/wohnung-in-der-naehe-des-strandes-von-slanica-a21-studio-a3-id-254-2\/","title":{"rendered":"Wohnung in der N\u00e4he des Strandes von Slanica A2+1 Studio A3 ID 254"},"content":{"rendered":"","protected":false},"excerpt":{"rendered":"<p>Studio-Apartment f\u00fcr 3 Personen mit Meerblick. Die Wohnung befindet sich in der N\u00e4he des Sandstrandes Slanica in einem friedlichen und ruhigen Ort. Die Wohnung ist komplett ausgestattet. Parkpl\u00e4tze f\u00fcr das Auto befinden sich vor der Wohnung.<\/p>\n","protected":false},"featured_media":25514,"template":"","meta":{"_acf_changed":false},"product_brand":[],"product_cat":[146],"product_tag":[],"class_list":{"0":"post-52327","1":"product","2":"type-product","3":"status-publish","4":"has-post-thumbnail","6":"product_cat-studio-apartment-de","8":"first","9":"instock","10":"sold-individually","11":"shipping-taxable","12":"purchasable","13":"product-type-phive_booking"},"acf":[],"_links":{"self":[{"href":"https:\/\/murter-online.com\/de\/wp-json\/wp\/v2\/product\/52327","targetHints":{"allow":["GET"]}}],"collection":[{"href":"https:\/\/murter-online.com\/de\/wp-json\/wp\/v2\/product"}],"about":[{"href":"https:\/\/murter-online.com\/de\/wp-json\/wp\/v2\/types\/product"}],"wp:featuredmedia":[{"embeddable":true,"href":"https:\/\/murter-online.com\/de\/wp-json\/wp\/v2\/media\/25514"}],"wp:attachment":[{"href":"https:\/\/murter-online.com\/de\/wp-json\/wp\/v2\/media?parent=52327"}],"wp:term":[{"taxonomy":"product_brand","embeddable":true,"href":"https:\/\/murter-online.com\/de\/wp-json\/wp\/v2\/product_brand?post=52327"},{"taxonomy":"product_cat","embeddable":true,"href":"https:\/\/murter-online.com\/de\/wp-json\/wp\/v2\/product_cat?post=52327"},{"taxonomy":"product_tag","embeddable":true,"href":"https:\/\/murter-online.com\/de\/wp-json\/wp\/v2\/product_tag?post=52327"}],"curies":[{"name":"wp","href":"https:\/\/api.w.org\/{rel}","templated":true}]}}