{"id":52335,"date":"2025-01-05T12:34:14","date_gmt":"2025-01-05T11:34:14","guid":{"rendered":"https:\/\/murter.riot.hr\/?post_type=product&#038;p=52335"},"modified":"2025-01-26T09:56:42","modified_gmt":"2025-01-26T09:56:42","slug":"wohnung-in-der-naehe-des-strandes-slanica-a21-id-258","status":"publish","type":"product","link":"https:\/\/murter-online.com\/de\/produkt\/wohnung-in-der-naehe-des-strandes-slanica-a21-id-258\/","title":{"rendered":"Wohnung in der N\u00e4he des Strandes Slanica A2+1 ID 258"},"content":{"rendered":"","protected":false},"excerpt":{"rendered":"<p>Studio-Apartment f\u00fcr 3 Personen. Die Wohnung befindet sich in der N\u00e4he des Sandstrandes Slanica in einem friedlichen und ruhigen Ort. Die Wohnung ist komplett ausgestattet. Parkpl\u00e4tze f\u00fcr das Auto befinden sich vor der Wohnung.<\/p>\n","protected":false},"featured_media":25450,"template":"","meta":{"_acf_changed":false},"product_brand":[],"product_cat":[146],"product_tag":[],"class_list":{"0":"post-52335","1":"product","2":"type-product","3":"status-publish","4":"has-post-thumbnail","6":"product_cat-studio-apartment-de","8":"first","9":"instock","10":"sold-individually","11":"shipping-taxable","12":"purchasable","13":"product-type-phive_booking"},"acf":[],"_links":{"self":[{"href":"https:\/\/murter-online.com\/de\/wp-json\/wp\/v2\/product\/52335","targetHints":{"allow":["GET"]}}],"collection":[{"href":"https:\/\/murter-online.com\/de\/wp-json\/wp\/v2\/product"}],"about":[{"href":"https:\/\/murter-online.com\/de\/wp-json\/wp\/v2\/types\/product"}],"wp:featuredmedia":[{"embeddable":true,"href":"https:\/\/murter-online.com\/de\/wp-json\/wp\/v2\/media\/25450"}],"wp:attachment":[{"href":"https:\/\/murter-online.com\/de\/wp-json\/wp\/v2\/media?parent=52335"}],"wp:term":[{"taxonomy":"product_brand","embeddable":true,"href":"https:\/\/murter-online.com\/de\/wp-json\/wp\/v2\/product_brand?post=52335"},{"taxonomy":"product_cat","embeddable":true,"href":"https:\/\/murter-online.com\/de\/wp-json\/wp\/v2\/product_cat?post=52335"},{"taxonomy":"product_tag","embeddable":true,"href":"https:\/\/murter-online.com\/de\/wp-json\/wp\/v2\/product_tag?post=52335"}],"curies":[{"name":"wp","href":"https:\/\/api.w.org\/{rel}","templated":true}]}}