{"id":52340,"date":"2025-01-05T12:30:52","date_gmt":"2025-01-05T11:30:52","guid":{"rendered":"https:\/\/murter.riot.hr\/?post_type=product&#038;p=52340"},"modified":"2025-04-21T10:57:25","modified_gmt":"2025-04-21T09:57:25","slug":"ferienwohnung-murter-luke-front-beach-a2-id-163","status":"publish","type":"product","link":"https:\/\/murter-online.com\/de\/produkt\/ferienwohnung-murter-luke-front-beach-a2-id-163\/","title":{"rendered":"Ferienwohnung am Meer Murter Strand Luke Front Beach A2 ID 163"},"content":{"rendered":"","protected":false},"excerpt":{"rendered":"<p>Die Wohnung mit herrlichem Meerblick befindet sich in ausgezeichneter Lage, nur 50 Meter vom Meer entfernt. Die Wohnung hat eine Fl\u00e4che von 30 m2. Es hat ein Schlafzimmer, in dem 2 Erwachsene schlafen k\u00f6nnen. Es gibt ein Zustellbett f\u00fcr eine Person, das benutzt werden kann. Es hat ein Badezimmer mit Dusche. Balkon \/ Terrasse ist 5 m2. Die Wohnung befindet sich im ersten Stock. Die Wohnung ist mit TV, Klimaanlage, Backofen und kostenfreiem WLAN ausgestattet. Das Parken ist vorhanden und im Preis inbegriffen. Haustiere auf Anfrage.<\/p>\n","protected":false},"featured_media":25370,"template":"","meta":{"_acf_changed":false},"product_brand":[],"product_cat":[146],"product_tag":[],"class_list":{"0":"post-52340","1":"product","2":"type-product","3":"status-publish","4":"has-post-thumbnail","6":"product_cat-studio-apartment-de","8":"first","9":"instock","10":"sold-individually","11":"shipping-taxable","12":"purchasable","13":"product-type-phive_booking"},"acf":[],"_links":{"self":[{"href":"https:\/\/murter-online.com\/de\/wp-json\/wp\/v2\/product\/52340","targetHints":{"allow":["GET"]}}],"collection":[{"href":"https:\/\/murter-online.com\/de\/wp-json\/wp\/v2\/product"}],"about":[{"href":"https:\/\/murter-online.com\/de\/wp-json\/wp\/v2\/types\/product"}],"wp:featuredmedia":[{"embeddable":true,"href":"https:\/\/murter-online.com\/de\/wp-json\/wp\/v2\/media\/25370"}],"wp:attachment":[{"href":"https:\/\/murter-online.com\/de\/wp-json\/wp\/v2\/media?parent=52340"}],"wp:term":[{"taxonomy":"product_brand","embeddable":true,"href":"https:\/\/murter-online.com\/de\/wp-json\/wp\/v2\/product_brand?post=52340"},{"taxonomy":"product_cat","embeddable":true,"href":"https:\/\/murter-online.com\/de\/wp-json\/wp\/v2\/product_cat?post=52340"},{"taxonomy":"product_tag","embeddable":true,"href":"https:\/\/murter-online.com\/de\/wp-json\/wp\/v2\/product_tag?post=52340"}],"curies":[{"name":"wp","href":"https:\/\/api.w.org\/{rel}","templated":true}]}}