{"id":52342,"date":"2025-01-06T12:20:19","date_gmt":"2025-01-06T12:20:19","guid":{"rendered":"https:\/\/murter.riot.hr\/?post_type=product&#038;p=52342"},"modified":"2025-04-06T15:59:44","modified_gmt":"2025-04-06T14:59:44","slug":"ferienwohnung-family-place-strand-slanica-a21id-216","status":"publish","type":"product","link":"https:\/\/murter-online.com\/de\/produkt\/ferienwohnung-family-place-strand-slanica-a21id-216\/","title":{"rendered":"Ferienwohnung Murter meerblick f\u00fcr 4 personen Strand Slanica A2+1ID 216"},"content":{"rendered":"","protected":false},"excerpt":{"rendered":"<p>Die Wohnung befindet sich in einer gro\u00dfartigen Lage, nur 250 Meter vom Meer entfernt. Die Wohnung hat eine Fl\u00e4che von 50 m2. Es hat ein Schlafzimmer, in dem 2 Erwachsene schlafen k\u00f6nnen. Es verf\u00fcgt \u00fcber ein Wohnzimmer, in dem Sie schlafen k\u00f6nnen. Es hat ein Badezimmer mit Dusche. Der Balkon- \/ Terrassenbereich betr\u00e4gt 10 m2. Die Wohnung befindet sich im ersten Stock. Die Wohnung ist mit TV, Klimaanlage, Backofen und kostenfreiem WLAN ausgestattet. Das Parken ist vorhanden und im Preis inbegriffen. Haustiere auf Anfrage.<\/p>\n","protected":false},"featured_media":31118,"template":"","meta":{"_acf_changed":false},"product_brand":[],"product_cat":[144,130,142],"product_tag":[],"class_list":{"0":"post-52342","1":"product","2":"type-product","3":"status-publish","4":"has-post-thumbnail","6":"product_cat-familien-ferienwohnung","7":"product_cat-ferienwohnungen","8":"product_cat-ferienwohnungen-mit-meerblick","10":"first","11":"instock","12":"sold-individually","13":"shipping-taxable","14":"purchasable","15":"product-type-phive_booking"},"acf":[],"_links":{"self":[{"href":"https:\/\/murter-online.com\/de\/wp-json\/wp\/v2\/product\/52342","targetHints":{"allow":["GET"]}}],"collection":[{"href":"https:\/\/murter-online.com\/de\/wp-json\/wp\/v2\/product"}],"about":[{"href":"https:\/\/murter-online.com\/de\/wp-json\/wp\/v2\/types\/product"}],"wp:featuredmedia":[{"embeddable":true,"href":"https:\/\/murter-online.com\/de\/wp-json\/wp\/v2\/media\/31118"}],"wp:attachment":[{"href":"https:\/\/murter-online.com\/de\/wp-json\/wp\/v2\/media?parent=52342"}],"wp:term":[{"taxonomy":"product_brand","embeddable":true,"href":"https:\/\/murter-online.com\/de\/wp-json\/wp\/v2\/product_brand?post=52342"},{"taxonomy":"product_cat","embeddable":true,"href":"https:\/\/murter-online.com\/de\/wp-json\/wp\/v2\/product_cat?post=52342"},{"taxonomy":"product_tag","embeddable":true,"href":"https:\/\/murter-online.com\/de\/wp-json\/wp\/v2\/product_tag?post=52342"}],"curies":[{"name":"wp","href":"https:\/\/api.w.org\/{rel}","templated":true}]}}