{"id":52350,"date":"2025-01-05T12:25:04","date_gmt":"2025-01-05T11:25:04","guid":{"rendered":"https:\/\/murter.riot.hr\/?post_type=product&#038;p=52350"},"modified":"2025-04-21T10:39:58","modified_gmt":"2025-04-21T09:39:58","slug":"ferienwohnung-murter-budget-a2-id-212","status":"publish","type":"product","link":"https:\/\/murter-online.com\/de\/produkt\/ferienwohnung-murter-budget-a2-id-212\/","title":{"rendered":"Ein zimmer apartment Budget Murter A2 ID 212"},"content":{"rendered":"","protected":false},"excerpt":{"rendered":"<p>Studiowohnung in Murter! Die Wohnung liegt zwischen dem Ortsstrand Lukas und dem Sandstrand Slanica, max.10 Gehminuten zum Zentrum von Murter. Die Wohnung verf\u00fcgt \u00fcber ein Etagenbett, Klimaanlage, ein eigenes Bad und eine kleine K\u00fcche. Parkpl\u00e4tze sind vorhanden und kostenlos.<\/p>\n","protected":false},"featured_media":25294,"template":"","meta":{"_acf_changed":false},"product_brand":[],"product_cat":[146],"product_tag":[],"class_list":{"0":"post-52350","1":"product","2":"type-product","3":"status-publish","4":"has-post-thumbnail","6":"product_cat-studio-apartment-de","8":"first","9":"instock","10":"sold-individually","11":"shipping-taxable","12":"purchasable","13":"product-type-phive_booking"},"acf":[],"_links":{"self":[{"href":"https:\/\/murter-online.com\/de\/wp-json\/wp\/v2\/product\/52350","targetHints":{"allow":["GET"]}}],"collection":[{"href":"https:\/\/murter-online.com\/de\/wp-json\/wp\/v2\/product"}],"about":[{"href":"https:\/\/murter-online.com\/de\/wp-json\/wp\/v2\/types\/product"}],"wp:featuredmedia":[{"embeddable":true,"href":"https:\/\/murter-online.com\/de\/wp-json\/wp\/v2\/media\/25294"}],"wp:attachment":[{"href":"https:\/\/murter-online.com\/de\/wp-json\/wp\/v2\/media?parent=52350"}],"wp:term":[{"taxonomy":"product_brand","embeddable":true,"href":"https:\/\/murter-online.com\/de\/wp-json\/wp\/v2\/product_brand?post=52350"},{"taxonomy":"product_cat","embeddable":true,"href":"https:\/\/murter-online.com\/de\/wp-json\/wp\/v2\/product_cat?post=52350"},{"taxonomy":"product_tag","embeddable":true,"href":"https:\/\/murter-online.com\/de\/wp-json\/wp\/v2\/product_tag?post=52350"}],"curies":[{"name":"wp","href":"https:\/\/api.w.org\/{rel}","templated":true}]}}