{"id":52356,"date":"2025-01-06T12:44:30","date_gmt":"2025-01-06T11:44:30","guid":{"rendered":"https:\/\/murter.riot.hr\/?post_type=product&#038;p=52356"},"modified":"2025-04-06T15:21:36","modified_gmt":"2025-04-06T14:21:36","slug":"ferienwohnung-slanica-beach-pool-paradise-a22-id-161","status":"publish","type":"product","link":"https:\/\/murter-online.com\/de\/produkt\/ferienwohnung-slanica-beach-pool-paradise-a22-id-161\/","title":{"rendered":"Ferienwohnung murter mit pool strand Slanica A2+2 ID 161"},"content":{"rendered":"","protected":false},"excerpt":{"rendered":"<p>Die Wohnung mit herrlichem Meerblick befindet sich in ausgezeichneter Lage, nur 70 Meter vom Meer entfernt. Die Wohnung hat eine Fl\u00e4che von 40 m2. Es hat ein Schlafzimmer, in dem 2 Erwachsene schlafen k\u00f6nnen. Es hat ein Wohnzimmer, das zum Schlafen genutzt werden kann &#8211; Es hat ein Zustellbett f\u00fcr zwei Personen. Es hat ein Badezimmer mit Dusche. Balkon \/ Terrasse ist 5 m2. Die Wohnung befindet sich im ersten Stock des Hauses. Die Wohnung ist mit TV, Klimaanlage und kostenfreiem WLAN ausgestattet. Es gibt einen Au\u00dfenpool, der kostenlos genutzt werden kann. Das Parken ist vorhanden und im Preis inbegriffen. Haustiere auf Anfrage.<\/p>\n","protected":false},"featured_media":31202,"template":"","meta":{"_acf_changed":false},"product_brand":[],"product_cat":[130,142,143],"product_tag":[],"class_list":{"0":"post-52356","1":"product","2":"type-product","3":"status-publish","4":"has-post-thumbnail","6":"product_cat-ferienwohnungen","7":"product_cat-ferienwohnungen-mit-meerblick","8":"product_cat-ferienwohnungen-mit-pool","10":"first","11":"instock","12":"sold-individually","13":"shipping-taxable","14":"purchasable","15":"product-type-phive_booking"},"acf":[],"_links":{"self":[{"href":"https:\/\/murter-online.com\/de\/wp-json\/wp\/v2\/product\/52356","targetHints":{"allow":["GET"]}}],"collection":[{"href":"https:\/\/murter-online.com\/de\/wp-json\/wp\/v2\/product"}],"about":[{"href":"https:\/\/murter-online.com\/de\/wp-json\/wp\/v2\/types\/product"}],"wp:featuredmedia":[{"embeddable":true,"href":"https:\/\/murter-online.com\/de\/wp-json\/wp\/v2\/media\/31202"}],"wp:attachment":[{"href":"https:\/\/murter-online.com\/de\/wp-json\/wp\/v2\/media?parent=52356"}],"wp:term":[{"taxonomy":"product_brand","embeddable":true,"href":"https:\/\/murter-online.com\/de\/wp-json\/wp\/v2\/product_brand?post=52356"},{"taxonomy":"product_cat","embeddable":true,"href":"https:\/\/murter-online.com\/de\/wp-json\/wp\/v2\/product_cat?post=52356"},{"taxonomy":"product_tag","embeddable":true,"href":"https:\/\/murter-online.com\/de\/wp-json\/wp\/v2\/product_tag?post=52356"}],"curies":[{"name":"wp","href":"https:\/\/api.w.org\/{rel}","templated":true}]}}