{"id":52360,"date":"2025-01-05T12:22:35","date_gmt":"2025-01-05T11:22:35","guid":{"rendered":"https:\/\/murter.riot.hr\/?post_type=product&#038;p=52360"},"modified":"2025-04-21T09:29:42","modified_gmt":"2025-04-21T08:29:42","slug":"ferienwohnung-murter-bay-view-a2-id-170","status":"publish","type":"product","link":"https:\/\/murter-online.com\/de\/produkt\/ferienwohnung-murter-bay-view-a2-id-170\/","title":{"rendered":"Ein zimmer apartment f\u00fcr 2 personen mit Meerblick Bay View Murter A2 ID 170"},"content":{"rendered":"","protected":false},"excerpt":{"rendered":"<p>Die Wohnung befindet sich in einer gro\u00dfartigen Lage, nur 400 Meter vom Meer entfernt. Die Wohnung hat eine Fl\u00e4che von 30 m2. Es hat ein Schlafzimmer, in dem 2 Erwachsene schlafen k\u00f6nnen. Es hat ein Badezimmer mit Dusche. Balkon \/ Terrasse ist 10 m2. Die Wohnung befindet sich im ersten Stock. Die Wohnung ist mit TV, Klimaanlage, Satellitenempf\u00e4nger und kostenlosem WLAN ausgestattet. Das Parken ist vorhanden und im Preis inbegriffen. Die Wohnung ist ca. 800 m vom Zentrum und 400 m vom Meer oder dem ersten Strand in Murter entfernt. Haustiere auf Anfrage.<\/p>\n","protected":false},"featured_media":25230,"template":"","meta":{"_acf_changed":false},"product_brand":[],"product_cat":[146],"product_tag":[],"class_list":{"0":"post-52360","1":"product","2":"type-product","3":"status-publish","4":"has-post-thumbnail","6":"product_cat-studio-apartment-de","8":"first","9":"instock","10":"sold-individually","11":"shipping-taxable","12":"purchasable","13":"product-type-phive_booking"},"acf":[],"_links":{"self":[{"href":"https:\/\/murter-online.com\/de\/wp-json\/wp\/v2\/product\/52360","targetHints":{"allow":["GET"]}}],"collection":[{"href":"https:\/\/murter-online.com\/de\/wp-json\/wp\/v2\/product"}],"about":[{"href":"https:\/\/murter-online.com\/de\/wp-json\/wp\/v2\/types\/product"}],"wp:featuredmedia":[{"embeddable":true,"href":"https:\/\/murter-online.com\/de\/wp-json\/wp\/v2\/media\/25230"}],"wp:attachment":[{"href":"https:\/\/murter-online.com\/de\/wp-json\/wp\/v2\/media?parent=52360"}],"wp:term":[{"taxonomy":"product_brand","embeddable":true,"href":"https:\/\/murter-online.com\/de\/wp-json\/wp\/v2\/product_brand?post=52360"},{"taxonomy":"product_cat","embeddable":true,"href":"https:\/\/murter-online.com\/de\/wp-json\/wp\/v2\/product_cat?post=52360"},{"taxonomy":"product_tag","embeddable":true,"href":"https:\/\/murter-online.com\/de\/wp-json\/wp\/v2\/product_tag?post=52360"}],"curies":[{"name":"wp","href":"https:\/\/api.w.org\/{rel}","templated":true}]}}