{"id":52367,"date":"2025-01-06T12:50:10","date_gmt":"2025-01-06T12:50:10","guid":{"rendered":"https:\/\/murter.riot.hr\/?post_type=product&#038;p=52367"},"modified":"2025-04-06T14:31:22","modified_gmt":"2025-04-06T13:31:22","slug":"ferienwohnung-slanica-beach-view-a22-id-93","status":"publish","type":"product","link":"https:\/\/murter-online.com\/de\/produkt\/ferienwohnung-slanica-beach-view-a22-id-93\/","title":{"rendered":"Ferienwohnung Murter meerblick strand Slanica A2+2 ID 93"},"content":{"rendered":"","protected":false},"excerpt":{"rendered":"<p>Die Wohnung befindet sich im 2. Stock des Hauses, so dass Sie vom Balkon aus einen sch\u00f6nen Blick auf den Strand Slanica genie\u00dfen k\u00f6nnen. Die Wohnung ist mit Klimaanlage, Sat-TV und kostenfreiem WLAN ausgestattet. Es hat eine gro\u00dfartige Lage, nur 150 m vom Strand Slanice entfernt, wo es Strandbars, Fast Food, ein Restaurant und ein Gesch\u00e4ft gibt. Die Wohnung ist 20 Gehminuten vom Zentrum entfernt.<\/p>\n","protected":false},"featured_media":31310,"template":"","meta":{"_acf_changed":false},"product_brand":[],"product_cat":[144,130,142],"product_tag":[],"class_list":{"0":"post-52367","1":"product","2":"type-product","3":"status-publish","4":"has-post-thumbnail","6":"product_cat-familien-ferienwohnung","7":"product_cat-ferienwohnungen","8":"product_cat-ferienwohnungen-mit-meerblick","10":"first","11":"instock","12":"sold-individually","13":"shipping-taxable","14":"purchasable","15":"product-type-phive_booking"},"acf":[],"_links":{"self":[{"href":"https:\/\/murter-online.com\/de\/wp-json\/wp\/v2\/product\/52367","targetHints":{"allow":["GET"]}}],"collection":[{"href":"https:\/\/murter-online.com\/de\/wp-json\/wp\/v2\/product"}],"about":[{"href":"https:\/\/murter-online.com\/de\/wp-json\/wp\/v2\/types\/product"}],"wp:featuredmedia":[{"embeddable":true,"href":"https:\/\/murter-online.com\/de\/wp-json\/wp\/v2\/media\/31310"}],"wp:attachment":[{"href":"https:\/\/murter-online.com\/de\/wp-json\/wp\/v2\/media?parent=52367"}],"wp:term":[{"taxonomy":"product_brand","embeddable":true,"href":"https:\/\/murter-online.com\/de\/wp-json\/wp\/v2\/product_brand?post=52367"},{"taxonomy":"product_cat","embeddable":true,"href":"https:\/\/murter-online.com\/de\/wp-json\/wp\/v2\/product_cat?post=52367"},{"taxonomy":"product_tag","embeddable":true,"href":"https:\/\/murter-online.com\/de\/wp-json\/wp\/v2\/product_tag?post=52367"}],"curies":[{"name":"wp","href":"https:\/\/api.w.org\/{rel}","templated":true}]}}