{"id":52368,"date":"2025-01-05T12:19:17","date_gmt":"2025-01-05T11:19:17","guid":{"rendered":"https:\/\/murter.riot.hr\/?post_type=product&#038;p=52368"},"modified":"2025-04-21T08:27:53","modified_gmt":"2025-04-21T07:27:53","slug":"ferienwohnung-luke-beachfront-murter-a2-id-164","status":"publish","type":"product","link":"https:\/\/murter-online.com\/de\/produkt\/ferienwohnung-luke-beachfront-murter-a2-id-164\/","title":{"rendered":"Ein zimmer apartment am Strand Luke Beachfront Murter A2 ID 164"},"content":{"rendered":"","protected":false},"excerpt":{"rendered":"<p>Die Wohnung mit herrlichem Meerblick befindet sich in ausgezeichneter Lage, nur 50 Meter vom Meer entfernt. Die Wohnung hat eine Fl\u00e4che von 30 m2. Es hat ein Schlafzimmer, in dem 2 Erwachsene schlafen k\u00f6nnen. Es gibt ein Zustellbett f\u00fcr eine Person, das benutzt werden kann. Es hat ein Badezimmer mit Dusche. Balkon \/ Terrasse ist 5 m2. Die Wohnung befindet sich im ersten Stock. Die Wohnung ist mit TV, Klimaanlage, Backofen und kostenfreiem WLAN ausgestattet. Das Parken ist vorhanden und im Preis inbegriffen. Haustiere auf Anfrage.<\/p>\n","protected":false},"featured_media":25142,"template":"","meta":{"_acf_changed":false},"product_brand":[],"product_cat":[146],"product_tag":[],"class_list":{"0":"post-52368","1":"product","2":"type-product","3":"status-publish","4":"has-post-thumbnail","6":"product_cat-studio-apartment-de","8":"first","9":"instock","10":"sold-individually","11":"shipping-taxable","12":"purchasable","13":"product-type-phive_booking"},"acf":[],"_links":{"self":[{"href":"https:\/\/murter-online.com\/de\/wp-json\/wp\/v2\/product\/52368","targetHints":{"allow":["GET"]}}],"collection":[{"href":"https:\/\/murter-online.com\/de\/wp-json\/wp\/v2\/product"}],"about":[{"href":"https:\/\/murter-online.com\/de\/wp-json\/wp\/v2\/types\/product"}],"wp:featuredmedia":[{"embeddable":true,"href":"https:\/\/murter-online.com\/de\/wp-json\/wp\/v2\/media\/25142"}],"wp:attachment":[{"href":"https:\/\/murter-online.com\/de\/wp-json\/wp\/v2\/media?parent=52368"}],"wp:term":[{"taxonomy":"product_brand","embeddable":true,"href":"https:\/\/murter-online.com\/de\/wp-json\/wp\/v2\/product_brand?post=52368"},{"taxonomy":"product_cat","embeddable":true,"href":"https:\/\/murter-online.com\/de\/wp-json\/wp\/v2\/product_cat?post=52368"},{"taxonomy":"product_tag","embeddable":true,"href":"https:\/\/murter-online.com\/de\/wp-json\/wp\/v2\/product_tag?post=52368"}],"curies":[{"name":"wp","href":"https:\/\/api.w.org\/{rel}","templated":true}]}}