{"id":52375,"date":"2025-01-05T12:11:08","date_gmt":"2025-01-05T11:11:08","guid":{"rendered":"https:\/\/murter.riot.hr\/?post_type=product&#038;p=52375"},"modified":"2025-04-21T07:50:29","modified_gmt":"2025-04-21T06:50:29","slug":"haus-petra-marine-view-ferienwohnung-lila-a2-id-89","status":"publish","type":"product","link":"https:\/\/murter-online.com\/de\/produkt\/haus-petra-marine-view-ferienwohnung-lila-a2-id-89\/","title":{"rendered":"Ein zimmer apartment f\u00fcr 2 personen Strand Zdra\u010de Murter A2 ID 89"},"content":{"rendered":"","protected":false},"excerpt":{"rendered":"<p>Die Wohnung befindet sich in der N\u00e4he des Yachthafens Murter &#8211; Hramine. In der N\u00e4he des Stadtzentrums von Murter, das in wenigen Minuten zu erreichen ist. Der erste lokale Strand ist 180 m entfernt (Stadtstrand). In der N\u00e4he von \u00f6rtlichen Tankstellen, Superm\u00e4rkten, Restaurants und Caf\u00e9s. Die Wohnung verf\u00fcgt \u00fcber einen Balkon und Meerblick. Die Wohnung ist mit Ger\u00e4ten, WLAN und Sat-TV ausgestattet. Bettw\u00e4sche, Handt\u00fccher und Endreinigung sind im Preis inbegriffen.<\/p>\n","protected":false},"featured_media":25030,"template":"","meta":{"_acf_changed":false},"product_brand":[],"product_cat":[146],"product_tag":[],"class_list":{"0":"post-52375","1":"product","2":"type-product","3":"status-publish","4":"has-post-thumbnail","6":"product_cat-studio-apartment-de","8":"first","9":"instock","10":"sold-individually","11":"shipping-taxable","12":"purchasable","13":"product-type-phive_booking"},"acf":[],"_links":{"self":[{"href":"https:\/\/murter-online.com\/de\/wp-json\/wp\/v2\/product\/52375","targetHints":{"allow":["GET"]}}],"collection":[{"href":"https:\/\/murter-online.com\/de\/wp-json\/wp\/v2\/product"}],"about":[{"href":"https:\/\/murter-online.com\/de\/wp-json\/wp\/v2\/types\/product"}],"wp:featuredmedia":[{"embeddable":true,"href":"https:\/\/murter-online.com\/de\/wp-json\/wp\/v2\/media\/25030"}],"wp:attachment":[{"href":"https:\/\/murter-online.com\/de\/wp-json\/wp\/v2\/media?parent=52375"}],"wp:term":[{"taxonomy":"product_brand","embeddable":true,"href":"https:\/\/murter-online.com\/de\/wp-json\/wp\/v2\/product_brand?post=52375"},{"taxonomy":"product_cat","embeddable":true,"href":"https:\/\/murter-online.com\/de\/wp-json\/wp\/v2\/product_cat?post=52375"},{"taxonomy":"product_tag","embeddable":true,"href":"https:\/\/murter-online.com\/de\/wp-json\/wp\/v2\/product_tag?post=52375"}],"curies":[{"name":"wp","href":"https:\/\/api.w.org\/{rel}","templated":true}]}}