{"id":52377,"date":"2025-01-05T12:06:54","date_gmt":"2025-01-05T12:06:54","guid":{"rendered":"https:\/\/murter.riot.hr\/?post_type=product&#038;p=52377"},"modified":"2025-04-21T07:28:33","modified_gmt":"2025-04-21T06:28:33","slug":"ferienwohnung-kornatska-hidden-place-a2-id-118","status":"publish","type":"product","link":"https:\/\/murter-online.com\/de\/produkt\/ferienwohnung-kornatska-hidden-place-a2-id-118\/","title":{"rendered":"Ein zimmer apartment f\u00fcr 2 personen Kornatska Hidden Place Murter A2 ID 118"},"content":{"rendered":"","protected":false},"excerpt":{"rendered":"<p>Die Wohnung befindet sich in einer gro\u00dfartigen Lage, nur 350 Meter vom Meer entfernt. Die Wohnung hat eine Fl\u00e4che von 25 m2. Es gibt ein Schlafzimmer, in dem 2 Erwachsene schlafen k\u00f6nnen. Es hat ein Badezimmer mit Dusche. Die Fl\u00e4che des Balkons \/ der Terrasse betr\u00e4gt 10 m2. Die Wohnung befindet sich im Erdgeschoss. Die Wohnung ist mit TV, privatem, kostenlosem WLAN ausgestattet. Das Parken ist vorhanden und im Preis inbegriffen. Es gibt einen Au\u00dfengrill, der benutzt werden kann. Die Wohnung ist ca. 450 m vom Zentrum und 350 m vom Meer oder dem ersten Strand in Murter entfernt. Haustiere sind gegen Aufpreis erlaubt.<\/p>\n","protected":false},"featured_media":24962,"template":"","meta":{"_acf_changed":false},"product_brand":[],"product_cat":[146],"product_tag":[],"class_list":{"0":"post-52377","1":"product","2":"type-product","3":"status-publish","4":"has-post-thumbnail","6":"product_cat-studio-apartment-de","8":"first","9":"instock","10":"sold-individually","11":"shipping-taxable","12":"purchasable","13":"product-type-phive_booking"},"acf":[],"_links":{"self":[{"href":"https:\/\/murter-online.com\/de\/wp-json\/wp\/v2\/product\/52377","targetHints":{"allow":["GET"]}}],"collection":[{"href":"https:\/\/murter-online.com\/de\/wp-json\/wp\/v2\/product"}],"about":[{"href":"https:\/\/murter-online.com\/de\/wp-json\/wp\/v2\/types\/product"}],"wp:featuredmedia":[{"embeddable":true,"href":"https:\/\/murter-online.com\/de\/wp-json\/wp\/v2\/media\/24962"}],"wp:attachment":[{"href":"https:\/\/murter-online.com\/de\/wp-json\/wp\/v2\/media?parent=52377"}],"wp:term":[{"taxonomy":"product_brand","embeddable":true,"href":"https:\/\/murter-online.com\/de\/wp-json\/wp\/v2\/product_brand?post=52377"},{"taxonomy":"product_cat","embeddable":true,"href":"https:\/\/murter-online.com\/de\/wp-json\/wp\/v2\/product_cat?post=52377"},{"taxonomy":"product_tag","embeddable":true,"href":"https:\/\/murter-online.com\/de\/wp-json\/wp\/v2\/product_tag?post=52377"}],"curies":[{"name":"wp","href":"https:\/\/api.w.org\/{rel}","templated":true}]}}