{"id":52378,"date":"2025-01-06T13:00:28","date_gmt":"2025-01-06T13:00:28","guid":{"rendered":"https:\/\/murter.riot.hr\/?post_type=product&#038;p=52378"},"modified":"2025-04-06T14:15:58","modified_gmt":"2025-04-06T13:15:58","slug":"ferienwohnung-slanica-green-garden-a-22","status":"publish","type":"product","link":"https:\/\/murter-online.com\/de\/produkt\/ferienwohnung-slanica-green-garden-a-22\/","title":{"rendered":"Murter ferienwohnung &#8211; ein zimmer apartment Slanica Green Garden A 2+2"},"content":{"rendered":"","protected":false},"excerpt":{"rendered":"<p>Wohnung in Strandn\u00e4he Slanica, nur 250 Meter vom Strand entfernt! Die Wohnung verf\u00fcgt \u00fcber ein Schlafzimmer, in dem zwei Erwachsene schlafen k\u00f6nnen. Es hat ein Sofa im Wohnzimmer, das zum Schlafen genutzt werden kann. Auf dem Zustellbett k\u00f6nnen zwei kleine Kinder oder ein Erwachsener schlafen. Die Wohnung verf\u00fcgt \u00fcber eine voll ausgestattete K\u00fcche, Sat-TV, Klimaanlage und einen Balkon mit Meerblick. Parkpl\u00e4tze stehen vor der Wohnung im Hof \u200b\u200bzur Verf\u00fcgung.<\/p>\n","protected":false},"featured_media":31374,"template":"","meta":{"_acf_changed":false},"product_brand":[],"product_cat":[144,130,142],"product_tag":[],"class_list":{"0":"post-52378","1":"product","2":"type-product","3":"status-publish","4":"has-post-thumbnail","6":"product_cat-familien-ferienwohnung","7":"product_cat-ferienwohnungen","8":"product_cat-ferienwohnungen-mit-meerblick","10":"first","11":"instock","12":"sold-individually","13":"shipping-taxable","14":"purchasable","15":"product-type-phive_booking"},"acf":[],"_links":{"self":[{"href":"https:\/\/murter-online.com\/de\/wp-json\/wp\/v2\/product\/52378","targetHints":{"allow":["GET"]}}],"collection":[{"href":"https:\/\/murter-online.com\/de\/wp-json\/wp\/v2\/product"}],"about":[{"href":"https:\/\/murter-online.com\/de\/wp-json\/wp\/v2\/types\/product"}],"wp:featuredmedia":[{"embeddable":true,"href":"https:\/\/murter-online.com\/de\/wp-json\/wp\/v2\/media\/31374"}],"wp:attachment":[{"href":"https:\/\/murter-online.com\/de\/wp-json\/wp\/v2\/media?parent=52378"}],"wp:term":[{"taxonomy":"product_brand","embeddable":true,"href":"https:\/\/murter-online.com\/de\/wp-json\/wp\/v2\/product_brand?post=52378"},{"taxonomy":"product_cat","embeddable":true,"href":"https:\/\/murter-online.com\/de\/wp-json\/wp\/v2\/product_cat?post=52378"},{"taxonomy":"product_tag","embeddable":true,"href":"https:\/\/murter-online.com\/de\/wp-json\/wp\/v2\/product_tag?post=52378"}],"curies":[{"name":"wp","href":"https:\/\/api.w.org\/{rel}","templated":true}]}}