{"id":52386,"date":"2025-01-05T12:04:03","date_gmt":"2025-01-05T11:04:03","guid":{"rendered":"https:\/\/murter.riot.hr\/?post_type=product&#038;p=52386"},"modified":"2025-04-21T07:22:19","modified_gmt":"2025-04-21T06:22:19","slug":"haus-goranka-ferienwohnungen-a2-id-06","status":"publish","type":"product","link":"https:\/\/murter-online.com\/de\/produkt\/haus-goranka-ferienwohnungen-a2-id-06\/","title":{"rendered":"Ein zimmer apartment f\u00fcr 2 personen Jelena Murter A2 ID 06"},"content":{"rendered":"","protected":false},"excerpt":{"rendered":"<p>Lage der Zimmer: Ferienwohnung Studio &#8211; Wohnzimmer, K\u00fcche und Schlafzimmer sind ein Raum Badezimmer mit Dusche und WC: 1,Terrassengr\u00f6\u00dfe: Ausstattung der Unterkunft: Klimaanlage,Satellitenfernseher,Nema perilice rublja, K\u00fchlschrank,Herd,Fernseher,Heizung,Kaffeemaschine,Mikrowelle,Internet,Grill, Positions und Au\u00dfenbereich der Unterkunft: Meerblick, Gartenblick,Eigener Eingang,Erdgeschoss, Weitere Informationen : Anreise ab: 14sati,Abreise bis: 10sati, Haustiere nicht erlaubt,Rauchen nicht erlaubt, Im Preis inbegriffen : Bettw\u00e4schenwechsel w\u00f6chentlich,Handt\u00fccher,Koch- und Essgeschirr,Strom-, Wasser- und Gasverbrauch,Putzmittel und Zubeh\u00f6r,Toilletenpapier (nur bei Ankunft),Endreinigung,<\/p>\n","protected":false},"featured_media":24862,"template":"","meta":{"_acf_changed":false},"product_brand":[],"product_cat":[146],"product_tag":[],"class_list":{"0":"post-52386","1":"product","2":"type-product","3":"status-publish","4":"has-post-thumbnail","6":"product_cat-studio-apartment-de","8":"first","9":"instock","10":"sold-individually","11":"shipping-taxable","12":"purchasable","13":"product-type-phive_booking"},"acf":[],"_links":{"self":[{"href":"https:\/\/murter-online.com\/de\/wp-json\/wp\/v2\/product\/52386","targetHints":{"allow":["GET"]}}],"collection":[{"href":"https:\/\/murter-online.com\/de\/wp-json\/wp\/v2\/product"}],"about":[{"href":"https:\/\/murter-online.com\/de\/wp-json\/wp\/v2\/types\/product"}],"wp:featuredmedia":[{"embeddable":true,"href":"https:\/\/murter-online.com\/de\/wp-json\/wp\/v2\/media\/24862"}],"wp:attachment":[{"href":"https:\/\/murter-online.com\/de\/wp-json\/wp\/v2\/media?parent=52386"}],"wp:term":[{"taxonomy":"product_brand","embeddable":true,"href":"https:\/\/murter-online.com\/de\/wp-json\/wp\/v2\/product_brand?post=52386"},{"taxonomy":"product_cat","embeddable":true,"href":"https:\/\/murter-online.com\/de\/wp-json\/wp\/v2\/product_cat?post=52386"},{"taxonomy":"product_tag","embeddable":true,"href":"https:\/\/murter-online.com\/de\/wp-json\/wp\/v2\/product_tag?post=52386"}],"curies":[{"name":"wp","href":"https:\/\/api.w.org\/{rel}","templated":true}]}}