{"id":52400,"date":"2025-01-05T10:43:05","date_gmt":"2025-01-05T09:43:05","guid":{"rendered":"https:\/\/murter.riot.hr\/?post_type=product&#038;p=52400"},"modified":"2025-04-21T06:48:49","modified_gmt":"2025-04-21T05:48:49","slug":"ferienwohnung-cigrada-pool-paradise-a2-id-136","status":"publish","type":"product","link":"https:\/\/murter-online.com\/de\/produkt\/ferienwohnung-cigrada-pool-paradise-a2-id-136\/","title":{"rendered":"Ein zimmer apartment mit pool Paradise A2 ID 136"},"content":{"rendered":"","protected":false},"excerpt":{"rendered":"<p>Die Wohnung ist ca. 750 Meter vom Meer entfernt. Die Wohnung hat eine Fl\u00e4che von 30 m2. Es ist ein Studio-Apartment f\u00fcr 2 Personen. Es gibt kein Wohnzimmer. Es hat ein Badezimmer mit Dusche. Balkon \/ Terrasse ist 10 m2. Die Wohnung befindet sich im Erdgeschoss. Die Wohnung ist mit TV, Klimaanlage, Satellitenempf\u00e4nger und kostenlosem WLAN ausgestattet. Das Parken ist vorhanden und im Preis inbegriffen. Es gibt einen Au\u00dfengrill, der benutzt werden kann. Es gibt einen Au\u00dfenpool, der genutzt werden kann. Haustiere auf Anfrage.<\/p>\n","protected":false},"featured_media":24454,"template":"","meta":{"_acf_changed":false},"product_brand":[],"product_cat":[130,143,146],"product_tag":[],"class_list":{"0":"post-52400","1":"product","2":"type-product","3":"status-publish","4":"has-post-thumbnail","6":"product_cat-ferienwohnungen","7":"product_cat-ferienwohnungen-mit-pool","8":"product_cat-studio-apartment-de","10":"first","11":"instock","12":"sold-individually","13":"shipping-taxable","14":"purchasable","15":"product-type-phive_booking"},"acf":[],"_links":{"self":[{"href":"https:\/\/murter-online.com\/de\/wp-json\/wp\/v2\/product\/52400","targetHints":{"allow":["GET"]}}],"collection":[{"href":"https:\/\/murter-online.com\/de\/wp-json\/wp\/v2\/product"}],"about":[{"href":"https:\/\/murter-online.com\/de\/wp-json\/wp\/v2\/types\/product"}],"wp:featuredmedia":[{"embeddable":true,"href":"https:\/\/murter-online.com\/de\/wp-json\/wp\/v2\/media\/24454"}],"wp:attachment":[{"href":"https:\/\/murter-online.com\/de\/wp-json\/wp\/v2\/media?parent=52400"}],"wp:term":[{"taxonomy":"product_brand","embeddable":true,"href":"https:\/\/murter-online.com\/de\/wp-json\/wp\/v2\/product_brand?post=52400"},{"taxonomy":"product_cat","embeddable":true,"href":"https:\/\/murter-online.com\/de\/wp-json\/wp\/v2\/product_cat?post=52400"},{"taxonomy":"product_tag","embeddable":true,"href":"https:\/\/murter-online.com\/de\/wp-json\/wp\/v2\/product_tag?post=52400"}],"curies":[{"name":"wp","href":"https:\/\/api.w.org\/{rel}","templated":true}]}}