{"id":52404,"date":"2025-01-05T10:38:33","date_gmt":"2025-01-05T09:38:33","guid":{"rendered":"https:\/\/murter.riot.hr\/?post_type=product&#038;p=52404"},"modified":"2025-04-21T06:39:51","modified_gmt":"2025-04-21T05:39:51","slug":"ferienwohnung-centar-new-a2-id-131","status":"publish","type":"product","link":"https:\/\/murter-online.com\/de\/produkt\/ferienwohnung-centar-new-a2-id-131\/","title":{"rendered":"Ein Zimmer Apartment Centar New A2 ID 131"},"content":{"rendered":"","protected":false},"excerpt":{"rendered":"<p>Neu renovierte, voll ausgestattete Wohnung in der N\u00e4he des Zentrums in Murter, Tommy Market, lokaler Zdra\u010de Beach. Die Wohnung befindet sich in der N\u00e4he von Marina Murter und dem arch\u00e4ologischen Strand Conlentum. Es ist ein Studio-Apartment f\u00fcr zwei Personen.<\/p>\n","protected":false},"featured_media":24398,"template":"","meta":{"_acf_changed":false},"product_brand":[],"product_cat":[146],"product_tag":[],"class_list":{"0":"post-52404","1":"product","2":"type-product","3":"status-publish","4":"has-post-thumbnail","6":"product_cat-studio-apartment-de","8":"first","9":"instock","10":"sold-individually","11":"shipping-taxable","12":"purchasable","13":"product-type-phive_booking"},"acf":[],"_links":{"self":[{"href":"https:\/\/murter-online.com\/de\/wp-json\/wp\/v2\/product\/52404","targetHints":{"allow":["GET"]}}],"collection":[{"href":"https:\/\/murter-online.com\/de\/wp-json\/wp\/v2\/product"}],"about":[{"href":"https:\/\/murter-online.com\/de\/wp-json\/wp\/v2\/types\/product"}],"wp:featuredmedia":[{"embeddable":true,"href":"https:\/\/murter-online.com\/de\/wp-json\/wp\/v2\/media\/24398"}],"wp:attachment":[{"href":"https:\/\/murter-online.com\/de\/wp-json\/wp\/v2\/media?parent=52404"}],"wp:term":[{"taxonomy":"product_brand","embeddable":true,"href":"https:\/\/murter-online.com\/de\/wp-json\/wp\/v2\/product_brand?post=52404"},{"taxonomy":"product_cat","embeddable":true,"href":"https:\/\/murter-online.com\/de\/wp-json\/wp\/v2\/product_cat?post=52404"},{"taxonomy":"product_tag","embeddable":true,"href":"https:\/\/murter-online.com\/de\/wp-json\/wp\/v2\/product_tag?post=52404"}],"curies":[{"name":"wp","href":"https:\/\/api.w.org\/{rel}","templated":true}]}}