{"id":52408,"date":"2025-01-06T13:06:10","date_gmt":"2025-01-06T12:06:10","guid":{"rendered":"https:\/\/murter.riot.hr\/?post_type=product&#038;p=52408"},"modified":"2025-04-06T13:31:58","modified_gmt":"2025-04-06T12:31:58","slug":"ferienwohnung-slanica-ground-paradise-a22-id-129","status":"publish","type":"product","link":"https:\/\/murter-online.com\/de\/produkt\/ferienwohnung-slanica-ground-paradise-a22-id-129\/","title":{"rendered":"Murter ferienwohnung privat &#8211; ein zimmer apartment  strand Slanica A2+2 ID 129"},"content":{"rendered":"","protected":false},"excerpt":{"rendered":"<div align=\"center\">\n<div class=\"max_width\" align=\"left\">\n<div>\n<div>Ferienwohnung Slanica NEW 2+2 befindet sich in ausgezeichnete Lage, nur 250m. vom Meer entfernt. Die Ferienwohnung hat eine Fl\u00e4che von 60 m2. Diese Ferienwohnung verf\u00fcgt \u00fcber ein Schlafzimmer wo 2 Erwachsene schlafen k\u00f6nnen. Es gibt ein Zustellbett f\u00fcr zwei Personen. Es gibt einen kostenlosen Parkplatz. Es gibt eine Badezimmer mit Dusche . Die Ferienwohnung ist ausgestattet mit Fernseher, Klimaanlage, Backofen, kostenlosen WiFi Internetanschluss. Balkon\/Terrasse ist 10 m2 gro\u00df. , hat ein Wohnzimmer, die zum Schlafen genutzt werden kann. Befindet sich im Erdgeschoss. Haustiere &#8211; nicht gestattet. Die FeWo ist 750m. weit vom Zentrum und ca. 250m. weit vom Meer oder dem ersten Strand in Murter.<\/div>\n<\/div>\n<\/div>\n<\/div>\n<div align=\"center\"><\/div>\n","protected":false},"featured_media":31474,"template":"","meta":{"_acf_changed":false},"product_brand":[],"product_cat":[144,130],"product_tag":[],"class_list":{"0":"post-52408","1":"product","2":"type-product","3":"status-publish","4":"has-post-thumbnail","6":"product_cat-familien-ferienwohnung","7":"product_cat-ferienwohnungen","9":"first","10":"instock","11":"sold-individually","12":"shipping-taxable","13":"purchasable","14":"product-type-phive_booking"},"acf":[],"_links":{"self":[{"href":"https:\/\/murter-online.com\/de\/wp-json\/wp\/v2\/product\/52408","targetHints":{"allow":["GET"]}}],"collection":[{"href":"https:\/\/murter-online.com\/de\/wp-json\/wp\/v2\/product"}],"about":[{"href":"https:\/\/murter-online.com\/de\/wp-json\/wp\/v2\/types\/product"}],"wp:featuredmedia":[{"embeddable":true,"href":"https:\/\/murter-online.com\/de\/wp-json\/wp\/v2\/media\/31474"}],"wp:attachment":[{"href":"https:\/\/murter-online.com\/de\/wp-json\/wp\/v2\/media?parent=52408"}],"wp:term":[{"taxonomy":"product_brand","embeddable":true,"href":"https:\/\/murter-online.com\/de\/wp-json\/wp\/v2\/product_brand?post=52408"},{"taxonomy":"product_cat","embeddable":true,"href":"https:\/\/murter-online.com\/de\/wp-json\/wp\/v2\/product_cat?post=52408"},{"taxonomy":"product_tag","embeddable":true,"href":"https:\/\/murter-online.com\/de\/wp-json\/wp\/v2\/product_tag?post=52408"}],"curies":[{"name":"wp","href":"https:\/\/api.w.org\/{rel}","templated":true}]}}