{"id":52414,"date":"2025-01-05T10:31:53","date_gmt":"2025-01-05T09:31:53","guid":{"rendered":"https:\/\/murter.riot.hr\/?post_type=product&#038;p=52414"},"modified":"2025-04-21T06:20:15","modified_gmt":"2025-04-21T05:20:15","slug":"apartment-unterkunft-in-murter-2-a2-1-studio-id-231","status":"publish","type":"product","link":"https:\/\/murter-online.com\/de\/produkt\/apartment-unterkunft-in-murter-2-a2-1-studio-id-231\/","title":{"rendered":"Ein zimmer Apartment Unterkunft in Murter 2 A2 + 1 ID 231"},"content":{"rendered":"","protected":false},"excerpt":{"rendered":"<p>Einzimmerwohnung f\u00fcr zwei oder drei Personen im Erdgeschoss. Es besteht aus einem Doppelbett und einem Kinderbett (Schlafsofa), K\u00fcche, Bad und Terrasse (15m2). Die Wohnung ist mit TV und Klimaanlage, Wi-Fi, Mikrowelle und K\u00fchlschrank mit Gefrierfach ausgestattet. Vor der Wohnung haben wir einen Au\u00dfengrill, den die G\u00e4ste jederzeit nutzen k\u00f6nnen. Parkpl\u00e4tze sind vorhanden und befinden sich im Hof.<\/p>\n","protected":false},"featured_media":24306,"template":"","meta":{"_acf_changed":false},"product_brand":[],"product_cat":[146],"product_tag":[],"class_list":{"0":"post-52414","1":"product","2":"type-product","3":"status-publish","4":"has-post-thumbnail","6":"product_cat-studio-apartment-de","8":"first","9":"instock","10":"sold-individually","11":"shipping-taxable","12":"purchasable","13":"product-type-phive_booking"},"acf":[],"_links":{"self":[{"href":"https:\/\/murter-online.com\/de\/wp-json\/wp\/v2\/product\/52414","targetHints":{"allow":["GET"]}}],"collection":[{"href":"https:\/\/murter-online.com\/de\/wp-json\/wp\/v2\/product"}],"about":[{"href":"https:\/\/murter-online.com\/de\/wp-json\/wp\/v2\/types\/product"}],"wp:featuredmedia":[{"embeddable":true,"href":"https:\/\/murter-online.com\/de\/wp-json\/wp\/v2\/media\/24306"}],"wp:attachment":[{"href":"https:\/\/murter-online.com\/de\/wp-json\/wp\/v2\/media?parent=52414"}],"wp:term":[{"taxonomy":"product_brand","embeddable":true,"href":"https:\/\/murter-online.com\/de\/wp-json\/wp\/v2\/product_brand?post=52414"},{"taxonomy":"product_cat","embeddable":true,"href":"https:\/\/murter-online.com\/de\/wp-json\/wp\/v2\/product_cat?post=52414"},{"taxonomy":"product_tag","embeddable":true,"href":"https:\/\/murter-online.com\/de\/wp-json\/wp\/v2\/product_tag?post=52414"}],"curies":[{"name":"wp","href":"https:\/\/api.w.org\/{rel}","templated":true}]}}