{"id":52429,"date":"2025-01-05T14:41:32","date_gmt":"2025-01-05T13:41:32","guid":{"rendered":"https:\/\/murter.riot.hr\/?post_type=product&#038;p=52429"},"modified":"2025-01-26T11:06:39","modified_gmt":"2025-01-26T11:06:39","slug":"zimmer-murter-old-town-a2-id-209","status":"publish","type":"product","link":"https:\/\/murter-online.com\/de\/produkt\/zimmer-murter-old-town-a2-id-209\/","title":{"rendered":"Zimmer Murter Old Town A2 ID 209"},"content":{"rendered":"","protected":false},"excerpt":{"rendered":"<p>Zimmer in Murter f\u00fcr zwei Personen. Das Zimmer befindet sich in der Altstadt von Murter. Es gibt eine Zusatzk\u00fcche, die kostenlos genutzt werden kann. Das Zimmer hat ein eigenes Bad, die Terrasse wird mit einem anderen Zimmer und einer Einzimmerwohnung geteilt. Parkpl\u00e4tze sind vorhanden und kostenlos. Der n\u00e4chste Strand ist \u010cigra\u0111a.<\/p>\n","protected":false},"featured_media":27110,"template":"","meta":{"_acf_changed":false},"product_brand":[],"product_cat":[147],"product_tag":[],"class_list":{"0":"post-52429","1":"product","2":"type-product","3":"status-publish","4":"has-post-thumbnail","6":"product_cat-zimmer","8":"first","9":"instock","10":"sold-individually","11":"shipping-taxable","12":"purchasable","13":"product-type-phive_booking"},"acf":[],"_links":{"self":[{"href":"https:\/\/murter-online.com\/de\/wp-json\/wp\/v2\/product\/52429","targetHints":{"allow":["GET"]}}],"collection":[{"href":"https:\/\/murter-online.com\/de\/wp-json\/wp\/v2\/product"}],"about":[{"href":"https:\/\/murter-online.com\/de\/wp-json\/wp\/v2\/types\/product"}],"wp:featuredmedia":[{"embeddable":true,"href":"https:\/\/murter-online.com\/de\/wp-json\/wp\/v2\/media\/27110"}],"wp:attachment":[{"href":"https:\/\/murter-online.com\/de\/wp-json\/wp\/v2\/media?parent=52429"}],"wp:term":[{"taxonomy":"product_brand","embeddable":true,"href":"https:\/\/murter-online.com\/de\/wp-json\/wp\/v2\/product_brand?post=52429"},{"taxonomy":"product_cat","embeddable":true,"href":"https:\/\/murter-online.com\/de\/wp-json\/wp\/v2\/product_cat?post=52429"},{"taxonomy":"product_tag","embeddable":true,"href":"https:\/\/murter-online.com\/de\/wp-json\/wp\/v2\/product_tag?post=52429"}],"curies":[{"name":"wp","href":"https:\/\/api.w.org\/{rel}","templated":true}]}}