{"id":52432,"date":"2025-01-06T14:09:57","date_gmt":"2025-01-06T14:09:57","guid":{"rendered":"https:\/\/murter.riot.hr\/?post_type=product&#038;p=52432"},"modified":"2025-04-06T13:13:46","modified_gmt":"2025-04-06T12:13:46","slug":"ferienwohnungen-slanica-murter-gaby-a21-id-12","status":"publish","type":"product","link":"https:\/\/murter-online.com\/de\/produkt\/ferienwohnungen-slanica-murter-gaby-a21-id-12\/","title":{"rendered":"Murter ferienwohnung privat &#8211; Ein zimmer apartment Slanica Murter Gaby A2+1 ID 12"},"content":{"rendered":"","protected":false},"excerpt":{"rendered":"<p>Die Wohnung mit befindet sich in einer ausgezeichneten Lage, nur 250m. weit vom Meer entfernt. Die Wohnung ist mit TV, Backofen, Klimaanlage ausgestattet. Die Wohnung verf\u00fcgt \u00fcber ein Badezimmer mit Dusche. Da ist ein Wohnzimmer. Die Wohnfl\u00e4che betr\u00e4gt 40 m2. und der Balkon \/ die Terrasse ist 20 m2 gro\u00df. In der Wohnung k\u00f6nnen 3 Personen auf den Hauptbetten und 1 Person auf einem Schlafsofa im Wohnzimmer schlafen. Die Wohnung befindet sich im ersten Stock. Haustiere &#8211; nicht erlaubt. Die Wohnung verf\u00fcgt \u00fcber einen eigenen kostenlosen Parkplatz. Es gibt einen offenen Grill. Die Wohnung ist 600m. weit vom Zentrum entfernt und ca. 250m. weit weg vom Meer oder ersten Strand in Murter .<\/p>\n","protected":false},"featured_media":31614,"template":"","meta":{"_acf_changed":false},"product_brand":[],"product_cat":[144,130],"product_tag":[],"class_list":{"0":"post-52432","1":"product","2":"type-product","3":"status-publish","4":"has-post-thumbnail","6":"product_cat-familien-ferienwohnung","7":"product_cat-ferienwohnungen","9":"first","10":"instock","11":"sold-individually","12":"shipping-taxable","13":"purchasable","14":"product-type-phive_booking"},"acf":[],"_links":{"self":[{"href":"https:\/\/murter-online.com\/de\/wp-json\/wp\/v2\/product\/52432","targetHints":{"allow":["GET"]}}],"collection":[{"href":"https:\/\/murter-online.com\/de\/wp-json\/wp\/v2\/product"}],"about":[{"href":"https:\/\/murter-online.com\/de\/wp-json\/wp\/v2\/types\/product"}],"wp:featuredmedia":[{"embeddable":true,"href":"https:\/\/murter-online.com\/de\/wp-json\/wp\/v2\/media\/31614"}],"wp:attachment":[{"href":"https:\/\/murter-online.com\/de\/wp-json\/wp\/v2\/media?parent=52432"}],"wp:term":[{"taxonomy":"product_brand","embeddable":true,"href":"https:\/\/murter-online.com\/de\/wp-json\/wp\/v2\/product_brand?post=52432"},{"taxonomy":"product_cat","embeddable":true,"href":"https:\/\/murter-online.com\/de\/wp-json\/wp\/v2\/product_cat?post=52432"},{"taxonomy":"product_tag","embeddable":true,"href":"https:\/\/murter-online.com\/de\/wp-json\/wp\/v2\/product_tag?post=52432"}],"curies":[{"name":"wp","href":"https:\/\/api.w.org\/{rel}","templated":true}]}}