{"id":52443,"date":"2025-01-05T14:14:10","date_gmt":"2025-01-05T13:14:10","guid":{"rendered":"https:\/\/murter.riot.hr\/?post_type=product&#038;p=52443"},"modified":"2025-04-23T11:47:58","modified_gmt":"2025-04-23T10:47:58","slug":"zimmer-murter-center-a2","status":"publish","type":"product","link":"https:\/\/murter-online.com\/de\/produkt\/zimmer-murter-center-a2\/","title":{"rendered":"Zimmer im Zentrum von Murter A2"},"content":{"rendered":"","protected":false},"excerpt":{"rendered":"<p>Zimmer f\u00fcr zwei Personen im Zentrum von Murter! Es befindet sich in einer ausgezeichneten Lage! Nur 250 Meter vom Zentrum von Murter und 200 Meter vom Stadtstrand Zdra\u010de in Betina entfernt. Das Zimmer verf\u00fcgt \u00fcber ein eigenes Bad, Klimaanlage, WLAN, K\u00fchlschrank und Parkplatz vor dem Geb\u00e4ude. Die Nutzung von Bettw\u00e4sche und Handt\u00fcchern ist im Preis inbegriffen. Wird das Zimmer nur f\u00fcr eine Nacht gemietet, betr\u00e4gt der Preis 68 Euro \/ Zimmer \/ Nacht.<\/p>\n","protected":false},"featured_media":27014,"template":"","meta":{"_acf_changed":false},"product_brand":[],"product_cat":[147],"product_tag":[],"class_list":{"0":"post-52443","1":"product","2":"type-product","3":"status-publish","4":"has-post-thumbnail","6":"product_cat-zimmer","8":"first","9":"instock","10":"sold-individually","11":"shipping-taxable","12":"purchasable","13":"product-type-phive_booking"},"acf":[],"_links":{"self":[{"href":"https:\/\/murter-online.com\/de\/wp-json\/wp\/v2\/product\/52443","targetHints":{"allow":["GET"]}}],"collection":[{"href":"https:\/\/murter-online.com\/de\/wp-json\/wp\/v2\/product"}],"about":[{"href":"https:\/\/murter-online.com\/de\/wp-json\/wp\/v2\/types\/product"}],"wp:featuredmedia":[{"embeddable":true,"href":"https:\/\/murter-online.com\/de\/wp-json\/wp\/v2\/media\/27014"}],"wp:attachment":[{"href":"https:\/\/murter-online.com\/de\/wp-json\/wp\/v2\/media?parent=52443"}],"wp:term":[{"taxonomy":"product_brand","embeddable":true,"href":"https:\/\/murter-online.com\/de\/wp-json\/wp\/v2\/product_brand?post=52443"},{"taxonomy":"product_cat","embeddable":true,"href":"https:\/\/murter-online.com\/de\/wp-json\/wp\/v2\/product_cat?post=52443"},{"taxonomy":"product_tag","embeddable":true,"href":"https:\/\/murter-online.com\/de\/wp-json\/wp\/v2\/product_tag?post=52443"}],"curies":[{"name":"wp","href":"https:\/\/api.w.org\/{rel}","templated":true}]}}