{"id":52445,"date":"2025-01-05T14:07:13","date_gmt":"2025-01-05T14:07:13","guid":{"rendered":"https:\/\/murter.riot.hr\/?post_type=product&#038;p=52445"},"modified":"2025-01-26T11:23:30","modified_gmt":"2025-01-26T11:23:30","slug":"zimmer-marina-murter-a2-126","status":"publish","type":"product","link":"https:\/\/murter-online.com\/de\/produkt\/zimmer-marina-murter-a2-126\/","title":{"rendered":"Zimmer Marina Murter A2 126"},"content":{"rendered":"","protected":false},"excerpt":{"rendered":"<p>Das Zimmer ist komplett ausgestattet, 250 Meter vom ersten Strand entfernt. Das Zimmer hat eine Fl\u00e4che von 10 m2. Es gibt ein Doppelbett f\u00fcr 2 Personen. Es hat ein Badezimmer mit Dusche. Das Zimmer befindet sich im Erdgeschoss. Das Zimmer verf\u00fcgt \u00fcber einen K\u00fchlschrank und WLAN. Das Parken ist kostenlos und kostenlos. Haustiere sind gegen Aufpreis erlaubt.<\/p>\n","protected":false},"featured_media":26970,"template":"","meta":{"_acf_changed":false},"product_brand":[],"product_cat":[147],"product_tag":[],"class_list":{"0":"post-52445","1":"product","2":"type-product","3":"status-publish","4":"has-post-thumbnail","6":"product_cat-zimmer","8":"first","9":"instock","10":"sold-individually","11":"shipping-taxable","12":"purchasable","13":"product-type-phive_booking"},"acf":[],"_links":{"self":[{"href":"https:\/\/murter-online.com\/de\/wp-json\/wp\/v2\/product\/52445","targetHints":{"allow":["GET"]}}],"collection":[{"href":"https:\/\/murter-online.com\/de\/wp-json\/wp\/v2\/product"}],"about":[{"href":"https:\/\/murter-online.com\/de\/wp-json\/wp\/v2\/types\/product"}],"wp:featuredmedia":[{"embeddable":true,"href":"https:\/\/murter-online.com\/de\/wp-json\/wp\/v2\/media\/26970"}],"wp:attachment":[{"href":"https:\/\/murter-online.com\/de\/wp-json\/wp\/v2\/media?parent=52445"}],"wp:term":[{"taxonomy":"product_brand","embeddable":true,"href":"https:\/\/murter-online.com\/de\/wp-json\/wp\/v2\/product_brand?post=52445"},{"taxonomy":"product_cat","embeddable":true,"href":"https:\/\/murter-online.com\/de\/wp-json\/wp\/v2\/product_cat?post=52445"},{"taxonomy":"product_tag","embeddable":true,"href":"https:\/\/murter-online.com\/de\/wp-json\/wp\/v2\/product_tag?post=52445"}],"curies":[{"name":"wp","href":"https:\/\/api.w.org\/{rel}","templated":true}]}}