{"id":52454,"date":"2025-01-03T16:03:25","date_gmt":"2025-01-03T15:03:25","guid":{"rendered":"https:\/\/murter.riot.hr\/?post_type=product&#038;p=52454"},"modified":"2025-04-19T19:17:29","modified_gmt":"2025-04-19T18:17:29","slug":"apartment-mit-pool-a4-id-16","status":"publish","type":"product","link":"https:\/\/murter-online.com\/de\/produkt\/apartment-mit-pool-a4-id-16\/","title":{"rendered":"Apartment mit Pool in der Villa Murter A4 ID 16"},"content":{"rendered":"","protected":false},"excerpt":{"rendered":"<p>Entfernung zum Meer: 200m, Entfernung zum Zentrum: 600m, Entfernung zum Strand: 200m, Anzahl der Personen: 4 Anzahl der Zimmer: 2, Anzahl der Badezimmer: 1, Fl\u00e4che: 45m2, Satellitenfernseher Klimaanlage Lage der Zimmer: Wohnzimmer und K\u00fcche sind ein Raum Schlafzimmer mit Doppelbett: 2,Badezimmer mit Dusche und WC: 1,Terrassengr\u00f6\u00dfe: 8m2 Ausstattung der Unterkunft: Klimaanlage,Satellitenfernseher,Waschmaschine, K\u00fchlschrank,Herd,Fernseher,Heizung,Radio\/CD-Player,Geschirrsp\u00fcler,Internet,Grill, Positions und Au\u00dfenbereich der Unterkunft: Kein Meerblick, Gartenblick,Gemeinsamer Eingang,Ersten Stock, Weitere Informationen : Anreise ab: 14sati,Abreise bis: 10sati, Haustiere nicht erlaubt,Rauchen erlaubt, Im Preis inbegriffen : Bettw\u00e4schenwechsel w\u00f6chentlich,Handt\u00fccher,Koch- und Essgeschirr,Strom-, Wasser- und Gasverbrauch,Putzmittel und Zubeh\u00f6r,Toilletenpapier. F\u00fcr die Endreinigung werden zus\u00e4tzlich 50 Euro berechnet. Die Kaution im Schadensfall betr\u00e4gt EUR 150,00.<\/p>\n","protected":false},"featured_media":23678,"template":"","meta":{"_acf_changed":false},"product_brand":[],"product_cat":[144,148,143],"product_tag":[],"class_list":{"0":"post-52454","1":"product","2":"type-product","3":"status-publish","4":"has-post-thumbnail","6":"product_cat-familien-ferienwohnung","7":"product_cat-ferienhaus-villa","8":"product_cat-ferienwohnungen-mit-pool","10":"first","11":"instock","12":"sold-individually","13":"shipping-taxable","14":"purchasable","15":"product-type-phive_booking"},"acf":[],"_links":{"self":[{"href":"https:\/\/murter-online.com\/de\/wp-json\/wp\/v2\/product\/52454","targetHints":{"allow":["GET"]}}],"collection":[{"href":"https:\/\/murter-online.com\/de\/wp-json\/wp\/v2\/product"}],"about":[{"href":"https:\/\/murter-online.com\/de\/wp-json\/wp\/v2\/types\/product"}],"wp:featuredmedia":[{"embeddable":true,"href":"https:\/\/murter-online.com\/de\/wp-json\/wp\/v2\/media\/23678"}],"wp:attachment":[{"href":"https:\/\/murter-online.com\/de\/wp-json\/wp\/v2\/media?parent=52454"}],"wp:term":[{"taxonomy":"product_brand","embeddable":true,"href":"https:\/\/murter-online.com\/de\/wp-json\/wp\/v2\/product_brand?post=52454"},{"taxonomy":"product_cat","embeddable":true,"href":"https:\/\/murter-online.com\/de\/wp-json\/wp\/v2\/product_cat?post=52454"},{"taxonomy":"product_tag","embeddable":true,"href":"https:\/\/murter-online.com\/de\/wp-json\/wp\/v2\/product_tag?post=52454"}],"curies":[{"name":"wp","href":"https:\/\/api.w.org\/{rel}","templated":true}]}}