{"id":52461,"date":"2025-01-03T15:45:09","date_gmt":"2025-01-03T14:45:09","guid":{"rendered":"https:\/\/murter.riot.hr\/?post_type=product&#038;p=52461"},"modified":"2025-01-26T13:08:38","modified_gmt":"2025-01-26T13:08:38","slug":"apartment-mit-liegeplatz-fuer-das-boot-murter-kornati-a6-id-258","status":"publish","type":"product","link":"https:\/\/murter-online.com\/de\/produkt\/apartment-mit-liegeplatz-fuer-das-boot-murter-kornati-a6-id-258\/","title":{"rendered":"Apartment mit Liegeplatz f\u00fcr das Boot Murter Kornati A6 ID 258"},"content":{"rendered":"","protected":false},"excerpt":{"rendered":"<p>Die Wohnung befindet sich im zweiten Stock des Hauses. Die Wohnung verf\u00fcgt \u00fcber 3 Schlafzimmer, in denen 6 Erwachsene schlafen k\u00f6nnen. Die Wohnung verf\u00fcgt \u00fcber zwei Badezimmer. Die Wohnung verf\u00fcgt \u00fcber eine Terrasse mit Meerblick. Die Wohnung ist 50 Meter vom Meer und Strand entfernt. Die Wohnung ist 450 Meter vom Ortsstrand Lukas und 550 Meter vom Sandstrand Podvr\u0161ke entfernt. Die Wohnung ist komplett ausgestattet. Die Wohnung hat die M\u00f6glichkeit, f\u00fcr ein Boot festzumachen, was zus\u00e4tzlich berechnet wird. Vor der Wohnung befindet sich ein Grill, der kostenlos genutzt werden kann. Das Parken ist im Hof \u200b\u200bvor der Wohnung und kann kostenlos genutzt werden.<\/p>\n","protected":false},"featured_media":23074,"template":"","meta":{"_acf_changed":false},"product_brand":[],"product_cat":[144],"product_tag":[],"class_list":{"0":"post-52461","1":"product","2":"type-product","3":"status-publish","4":"has-post-thumbnail","6":"product_cat-familien-ferienwohnung","8":"first","9":"instock","10":"sold-individually","11":"shipping-taxable","12":"purchasable","13":"product-type-phive_booking"},"acf":[],"_links":{"self":[{"href":"https:\/\/murter-online.com\/de\/wp-json\/wp\/v2\/product\/52461","targetHints":{"allow":["GET"]}}],"collection":[{"href":"https:\/\/murter-online.com\/de\/wp-json\/wp\/v2\/product"}],"about":[{"href":"https:\/\/murter-online.com\/de\/wp-json\/wp\/v2\/types\/product"}],"wp:featuredmedia":[{"embeddable":true,"href":"https:\/\/murter-online.com\/de\/wp-json\/wp\/v2\/media\/23074"}],"wp:attachment":[{"href":"https:\/\/murter-online.com\/de\/wp-json\/wp\/v2\/media?parent=52461"}],"wp:term":[{"taxonomy":"product_brand","embeddable":true,"href":"https:\/\/murter-online.com\/de\/wp-json\/wp\/v2\/product_brand?post=52461"},{"taxonomy":"product_cat","embeddable":true,"href":"https:\/\/murter-online.com\/de\/wp-json\/wp\/v2\/product_cat?post=52461"},{"taxonomy":"product_tag","embeddable":true,"href":"https:\/\/murter-online.com\/de\/wp-json\/wp\/v2\/product_tag?post=52461"}],"curies":[{"name":"wp","href":"https:\/\/api.w.org\/{rel}","templated":true}]}}