{"id":52465,"date":"2025-01-03T15:38:50","date_gmt":"2025-01-03T14:38:50","guid":{"rendered":"https:\/\/murter.riot.hr\/?post_type=product&#038;p=52465"},"modified":"2025-05-01T19:41:57","modified_gmt":"2025-05-01T18:41:57","slug":"haus-renata-ferienwohnung-luxury-place-a6-id-72","status":"publish","type":"product","link":"https:\/\/murter-online.com\/de\/produkt\/haus-renata-ferienwohnung-luxury-place-a6-id-72\/","title":{"rendered":"Ferienwohnung Murter mit pool Renata A6 ID 72"},"content":{"rendered":"","protected":false},"excerpt":{"rendered":"<p>Die Wohnung befindet sich im Erdgeschoss und besteht aus drei Doppelzimmern, einem gro\u00dfen Wohnzimmer mit Essbereich und zwei Badezimmern. Von der sch\u00f6nen Terrasse, auf der Sie sogar Ihre G\u00e4ste an zwei Tischen f\u00fcr 12 Personen unterbringen k\u00f6nnen, haben Sie einen Blick auf den Pool, den Gartenkamin und alles mit dem berauschenden Duft von Lavendel, Rosmarin und Kr\u00e4utern, die Ihnen zur Verf\u00fcgung stehen.<\/p>\n","protected":false},"featured_media":23006,"template":"","meta":{"_acf_changed":false},"product_brand":[],"product_cat":[144],"product_tag":[],"class_list":{"0":"post-52465","1":"product","2":"type-product","3":"status-publish","4":"has-post-thumbnail","6":"product_cat-familien-ferienwohnung","8":"first","9":"instock","10":"sold-individually","11":"shipping-taxable","12":"purchasable","13":"product-type-phive_booking"},"acf":[],"_links":{"self":[{"href":"https:\/\/murter-online.com\/de\/wp-json\/wp\/v2\/product\/52465","targetHints":{"allow":["GET"]}}],"collection":[{"href":"https:\/\/murter-online.com\/de\/wp-json\/wp\/v2\/product"}],"about":[{"href":"https:\/\/murter-online.com\/de\/wp-json\/wp\/v2\/types\/product"}],"wp:featuredmedia":[{"embeddable":true,"href":"https:\/\/murter-online.com\/de\/wp-json\/wp\/v2\/media\/23006"}],"wp:attachment":[{"href":"https:\/\/murter-online.com\/de\/wp-json\/wp\/v2\/media?parent=52465"}],"wp:term":[{"taxonomy":"product_brand","embeddable":true,"href":"https:\/\/murter-online.com\/de\/wp-json\/wp\/v2\/product_brand?post=52465"},{"taxonomy":"product_cat","embeddable":true,"href":"https:\/\/murter-online.com\/de\/wp-json\/wp\/v2\/product_cat?post=52465"},{"taxonomy":"product_tag","embeddable":true,"href":"https:\/\/murter-online.com\/de\/wp-json\/wp\/v2\/product_tag?post=52465"}],"curies":[{"name":"wp","href":"https:\/\/api.w.org\/{rel}","templated":true}]}}