{"id":52472,"date":"2025-01-03T15:34:52","date_gmt":"2025-01-03T14:34:52","guid":{"rendered":"https:\/\/murter.riot.hr\/?post_type=product&#038;p=52472"},"modified":"2025-04-26T11:25:17","modified_gmt":"2025-04-26T10:25:17","slug":"ferienwohnung-murter-podraduc-a6-id-143","status":"publish","type":"product","link":"https:\/\/murter-online.com\/de\/produkt\/ferienwohnung-murter-podraduc-a6-id-143\/","title":{"rendered":"Ferienwohnung Murter Meerblick Podradu\u010d A6 ID 143"},"content":{"rendered":"","protected":false},"excerpt":{"rendered":"<p>Die Wohnung mit herrlichem Meerblick befindet sich in ausgezeichneter Lage, nur 150 Meter vom Meer entfernt. Die Wohnung hat eine Fl\u00e4che von 70 m2. Es verf\u00fcgt \u00fcber drei Schlafzimmer, in denen 6 Erwachsene schlafen k\u00f6nnen. Es gibt kein Wohnzimmer. Es hat ein Badezimmer mit Dusche. Balkon \/ Terrasse ist 25 m2. Die Wohnung befindet sich im ersten Stock. Die Wohnung ist mit TV, Klimaanlage, Satellitenempf\u00e4nger, Backofen und kostenlosem WLAN ausgestattet. Das Parken ist vorhanden und im Preis inbegriffen. Es gibt einen Au\u00dfengrill, der benutzt werden kann. Die Wohnung ist ca. 2000 m vom Zentrum und 150 m vom Meer oder dem ersten Strand in Murter entfernt. Die Wohnung befindet sich in der N\u00e4he des Strandes Slanica und des Strandes \u010cigra\u0111a. Haustiere auf Anfrage.<\/p>\n","protected":false},"featured_media":22810,"template":"","meta":{"_acf_changed":false},"product_brand":[],"product_cat":[144],"product_tag":[],"class_list":{"0":"post-52472","1":"product","2":"type-product","3":"status-publish","4":"has-post-thumbnail","6":"product_cat-familien-ferienwohnung","8":"first","9":"instock","10":"sold-individually","11":"shipping-taxable","12":"purchasable","13":"product-type-phive_booking"},"acf":[],"_links":{"self":[{"href":"https:\/\/murter-online.com\/de\/wp-json\/wp\/v2\/product\/52472","targetHints":{"allow":["GET"]}}],"collection":[{"href":"https:\/\/murter-online.com\/de\/wp-json\/wp\/v2\/product"}],"about":[{"href":"https:\/\/murter-online.com\/de\/wp-json\/wp\/v2\/types\/product"}],"wp:featuredmedia":[{"embeddable":true,"href":"https:\/\/murter-online.com\/de\/wp-json\/wp\/v2\/media\/22810"}],"wp:attachment":[{"href":"https:\/\/murter-online.com\/de\/wp-json\/wp\/v2\/media?parent=52472"}],"wp:term":[{"taxonomy":"product_brand","embeddable":true,"href":"https:\/\/murter-online.com\/de\/wp-json\/wp\/v2\/product_brand?post=52472"},{"taxonomy":"product_cat","embeddable":true,"href":"https:\/\/murter-online.com\/de\/wp-json\/wp\/v2\/product_cat?post=52472"},{"taxonomy":"product_tag","embeddable":true,"href":"https:\/\/murter-online.com\/de\/wp-json\/wp\/v2\/product_tag?post=52472"}],"curies":[{"name":"wp","href":"https:\/\/api.w.org\/{rel}","templated":true}]}}