{"id":52478,"date":"2025-01-03T15:25:05","date_gmt":"2025-01-03T14:25:05","guid":{"rendered":"https:\/\/murter.riot.hr\/?post_type=product&#038;p=52478"},"modified":"2025-05-01T12:55:08","modified_gmt":"2025-05-01T11:55:08","slug":"ferienwohnung-murter-bucht-goranka-62-id-01","status":"publish","type":"product","link":"https:\/\/murter-online.com\/de\/produkt\/ferienwohnung-murter-bucht-goranka-62-id-01\/","title":{"rendered":"Ferienwohnung f\u00fcr familien Jelena Murter 6+2 ID 01"},"content":{"rendered":"","protected":false},"excerpt":{"rendered":"<p>Lage der Zimmer: K\u00fcche,Wohnzimmer,Esszimmer, Zahl der zus\u00e4tzliche Betten im Wohnzimmer: 2,Schlafzimmer mit Doppelbett: 3,Badezimmer mit Wanne und WC: 2,Terrassengr\u00f6\u00dfe: 15m2 Ausstattung der Unterkunft: Klimaanlage,Satellitenfernseher,Nema perilice rublja, K\u00fchlschrank,Herd,Fernseher,Heizung,Kaffeemaschine,Mikrowelle,Geschirrsp\u00fcler,Internet,Grill, Positions und Au\u00dfenbereich der Unterkunft: Kein Meerblick, Blick auf die stille Stra\u00dfe,Eigener Eingang,Erdgeschoss, Weitere Informationen : Anreise ab: 14sati,Abreise bis: 10sati, Haustiere nicht erlaubt,Rauchen nicht erlaubt, Im Preis inbegriffen : Bettw\u00e4schenwechsel w\u00f6chentlich,Handt\u00fccher,Koch- und Essgeschirr,Strom-, Wasser- und Gasverbrauch,Putzmittel und Zubeh\u00f6r,Toilletenpapier (nur bei Ankunft),Endreinigung,<\/p>\n","protected":false},"featured_media":22606,"template":"","meta":{"_acf_changed":false},"product_brand":[],"product_cat":[144],"product_tag":[],"class_list":{"0":"post-52478","1":"product","2":"type-product","3":"status-publish","4":"has-post-thumbnail","6":"product_cat-familien-ferienwohnung","8":"first","9":"instock","10":"sold-individually","11":"shipping-taxable","12":"purchasable","13":"product-type-phive_booking"},"acf":[],"_links":{"self":[{"href":"https:\/\/murter-online.com\/de\/wp-json\/wp\/v2\/product\/52478","targetHints":{"allow":["GET"]}}],"collection":[{"href":"https:\/\/murter-online.com\/de\/wp-json\/wp\/v2\/product"}],"about":[{"href":"https:\/\/murter-online.com\/de\/wp-json\/wp\/v2\/types\/product"}],"wp:featuredmedia":[{"embeddable":true,"href":"https:\/\/murter-online.com\/de\/wp-json\/wp\/v2\/media\/22606"}],"wp:attachment":[{"href":"https:\/\/murter-online.com\/de\/wp-json\/wp\/v2\/media?parent=52478"}],"wp:term":[{"taxonomy":"product_brand","embeddable":true,"href":"https:\/\/murter-online.com\/de\/wp-json\/wp\/v2\/product_brand?post=52478"},{"taxonomy":"product_cat","embeddable":true,"href":"https:\/\/murter-online.com\/de\/wp-json\/wp\/v2\/product_cat?post=52478"},{"taxonomy":"product_tag","embeddable":true,"href":"https:\/\/murter-online.com\/de\/wp-json\/wp\/v2\/product_tag?post=52478"}],"curies":[{"name":"wp","href":"https:\/\/api.w.org\/{rel}","templated":true}]}}