{"id":52485,"date":"2025-01-03T14:59:22","date_gmt":"2025-01-03T14:59:22","guid":{"rendered":"https:\/\/murter.riot.hr\/?post_type=product&#038;p=52485"},"modified":"2025-04-26T07:03:41","modified_gmt":"2025-04-26T06:03:41","slug":"ferienwohnung-kornatska-hidden-place-a6-id-117","status":"publish","type":"product","link":"https:\/\/murter-online.com\/de\/produkt\/ferienwohnung-kornatska-hidden-place-a6-id-117\/","title":{"rendered":"Ferienwohnung f\u00fcr familien Kornatska Hidden Place Murter A6 ID 117"},"content":{"rendered":"","protected":false},"excerpt":{"rendered":"<p>Ferienwohnung Kornatska A4+1 mit ein sch\u00f6nen Meerblick ist 350m. vom Meer entfernt. Die Ferienwohnung hat eine Fl\u00e4che von 15 m2. Diese Ferienwohnung verf\u00fcgt \u00fcber zwei Schlafzimmern wo 4 Erwachsene schlafen k\u00f6nnen. Es gibt ein Zustellbett f\u00fcr eine Person. Es gibt einen kostenlosen Parkplatz. Es gibt eine Badezimmer mit Dusche . Die Ferienwohnung Zur Verf\u00fcgung steht auch ein Grillplatz. ist ausgestattet mit Fernseher, Backofen, kostenlosen WiFi Internetanschluss. Balkon\/Terrasse ist 30 m2 gro\u00df. , hat ein Wohnzimmer, die zum Schlafen genutzt werden kann. Befindet sich im Erdgeschoss. Haustiere &#8211; nach Absprache. Die FeWo ist 450m. weit vom Zentrum und ca. 350m. weit vom Meer oder dem ersten Strand in Murter<\/p>\n","protected":false},"featured_media":22222,"template":"","meta":{"_acf_changed":false},"product_brand":[],"product_cat":[144],"product_tag":[],"class_list":{"0":"post-52485","1":"product","2":"type-product","3":"status-publish","4":"has-post-thumbnail","6":"product_cat-familien-ferienwohnung","8":"first","9":"instock","10":"sold-individually","11":"shipping-taxable","12":"purchasable","13":"product-type-phive_booking"},"acf":[],"_links":{"self":[{"href":"https:\/\/murter-online.com\/de\/wp-json\/wp\/v2\/product\/52485","targetHints":{"allow":["GET"]}}],"collection":[{"href":"https:\/\/murter-online.com\/de\/wp-json\/wp\/v2\/product"}],"about":[{"href":"https:\/\/murter-online.com\/de\/wp-json\/wp\/v2\/types\/product"}],"wp:featuredmedia":[{"embeddable":true,"href":"https:\/\/murter-online.com\/de\/wp-json\/wp\/v2\/media\/22222"}],"wp:attachment":[{"href":"https:\/\/murter-online.com\/de\/wp-json\/wp\/v2\/media?parent=52485"}],"wp:term":[{"taxonomy":"product_brand","embeddable":true,"href":"https:\/\/murter-online.com\/de\/wp-json\/wp\/v2\/product_brand?post=52485"},{"taxonomy":"product_cat","embeddable":true,"href":"https:\/\/murter-online.com\/de\/wp-json\/wp\/v2\/product_cat?post=52485"},{"taxonomy":"product_tag","embeddable":true,"href":"https:\/\/murter-online.com\/de\/wp-json\/wp\/v2\/product_tag?post=52485"}],"curies":[{"name":"wp","href":"https:\/\/api.w.org\/{rel}","templated":true}]}}